{"id":86,"date":"2017-09-25T20:18:23","date_gmt":"2017-09-25T18:18:23","guid":{"rendered":"http:\/\/mariepierre-terrien.com\/?post_type=product&#038;p=86"},"modified":"2026-02-16T20:57:17","modified_gmt":"2026-02-16T19:57:17","slug":"richelieu-vu-par-ses-contemporains","status":"publish","type":"product","link":"https:\/\/mariepierre-terrien.com\/index.php\/produit\/richelieu-vu-par-ses-contemporains\/","title":{"rendered":"Richelieu vu par ses contemporains"},"content":{"rendered":"<p>&nbsp;<\/p>\n<p><img loading=\"lazy\" decoding=\"async\" class=\"alignright wp-image-227\" src=\"http:\/\/mariepierre-terrien.com\/wp-content\/uploads\/2017\/09\/1.-Richelieu.jpg\" alt=\"\" width=\"355\" height=\"513\" srcset=\"https:\/\/mariepierre-terrien.com\/wp-content\/uploads\/2017\/09\/1.-Richelieu.jpg 1346w, https:\/\/mariepierre-terrien.com\/wp-content\/uploads\/2017\/09\/1.-Richelieu-350x506.jpg 350w, https:\/\/mariepierre-terrien.com\/wp-content\/uploads\/2017\/09\/1.-Richelieu-208x300.jpg 208w, https:\/\/mariepierre-terrien.com\/wp-content\/uploads\/2017\/09\/1.-Richelieu-768x1110.jpg 768w, https:\/\/mariepierre-terrien.com\/wp-content\/uploads\/2017\/09\/1.-Richelieu-708x1024.jpg 708w\" sizes=\"auto, (max-width: 355px) 100vw, 355px\" \/><\/p>\n<p>&nbsp;<\/p>\n<p>&nbsp;<\/p>\n","protected":false},"excerpt":{"rendered":"<p>Prix de vente 20 \u20ac + Frais de port 5 \u20ac<\/p>\n<p><em>Richelieu vu par ses contemporains<\/em>, Editions Pays et Terroirs, 2014. Ouvrage accompagn\u00e9 d&rsquo;un livret d&rsquo;illustrations de 40 pages.<\/p>\n<p><em>Ouvrage vendu au profit de la Soci\u00e9t\u00e9 Historique Connaissance du Pays de Richelieu<\/em>.<\/p>\n<blockquote>\n<p style=\"text-align: justify\"><strong>Lorsque Richelieu entre au Conseil du Roi en 1624, sa t\u00e2che s\u2019annonce difficile. Pour redresser la situation de la France et restaurer la grandeur de la monarchie fran\u00e7aise, il doit se battre sur tous les fronts. Il est alors soutenu par Marie de M\u00e9dicis, dans son projet de voir refleurir les lys du royaume de France. Mais l\u2019homme \u00e0 la poigne de fer se fait aussi rapidement beaucoup d\u2019ennemis, car son programme d\u00e9range. Attaqu\u00e9 de toutes parts, il est la cible des critiques, des intrigues et des tentatives d\u2019assassinat. Mi-ange mi-d\u00e9mon, il est compar\u00e9 \u00e0 Janus, le dieu aux deux visages.<\/strong><\/p>\n<p style=\"text-align: justify\"><strong>Aujourd\u2019hui, bien qu\u2019il ait \u00e9t\u00e9 r\u00e9habilit\u00e9 par de nombreux historiens, le cardinal-ministre reste encore suspect \u00e0 un large public. Il est souvent mis sur le banc des accus\u00e9s. L\u2019objectif de cette \u00e9tude est de confronter les multiples courants d\u2019opinions et les points de vue de ses contemporains, afin de souligner l\u2019exag\u00e9ration de leurs critiques \u00e0 son \u00e9gard. Richelieu \u00e9tait-il intol\u00e9rant ou tol\u00e9rant\u00a0? Ant\u00e9christ ou sauveur de la France\u00a0? Tyran ou homme d\u2019avant-garde\u00a0? Cette enqu\u00eate se propose de revisiter les clich\u00e9s qui continuent \u00e0 circuler de nos jours \u00e0 son sujet.<\/strong><\/p>\n<\/blockquote>\n<p><strong>L\u2019ouvrage est accompagn\u00e9 d\u2019un livret d\u2019illustrations de 40 pages, car cet ouvrage accorde une place importante \u00e0 l\u2019\u00e9tude des documents iconographiques relatifs \u00e0 Richelieu (tableaux, gravures et m\u00e9dailles).<\/strong><\/p>\n","protected":false},"featured_media":87,"comment_status":"open","ping_status":"closed","template":"","meta":[],"product_brand":[],"product_cat":[21],"product_tag":[],"class_list":{"0":"post-86","1":"product","2":"type-product","3":"status-publish","4":"has-post-thumbnail","6":"product_cat-non-classe","8":"first","9":"instock","10":"shipping-taxable","11":"purchasable","12":"product-type-simple"},"_links":{"self":[{"href":"https:\/\/mariepierre-terrien.com\/index.php\/wp-json\/wp\/v2\/product\/86","targetHints":{"allow":["GET"]}}],"collection":[{"href":"https:\/\/mariepierre-terrien.com\/index.php\/wp-json\/wp\/v2\/product"}],"about":[{"href":"https:\/\/mariepierre-terrien.com\/index.php\/wp-json\/wp\/v2\/types\/product"}],"replies":[{"embeddable":true,"href":"https:\/\/mariepierre-terrien.com\/index.php\/wp-json\/wp\/v2\/comments?post=86"}],"wp:featuredmedia":[{"embeddable":true,"href":"https:\/\/mariepierre-terrien.com\/index.php\/wp-json\/wp\/v2\/media\/87"}],"wp:attachment":[{"href":"https:\/\/mariepierre-terrien.com\/index.php\/wp-json\/wp\/v2\/media?parent=86"}],"wp:term":[{"taxonomy":"product_brand","embeddable":true,"href":"https:\/\/mariepierre-terrien.com\/index.php\/wp-json\/wp\/v2\/product_brand?post=86"},{"taxonomy":"product_cat","embeddable":true,"href":"https:\/\/mariepierre-terrien.com\/index.php\/wp-json\/wp\/v2\/product_cat?post=86"},{"taxonomy":"product_tag","embeddable":true,"href":"https:\/\/mariepierre-terrien.com\/index.php\/wp-json\/wp\/v2\/product_tag?post=86"}],"curies":[{"name":"wp","href":"https:\/\/api.w.org\/{rel}","templated":true}]}}