{"id":695,"date":"2019-04-11T18:24:15","date_gmt":"2019-04-11T16:24:15","guid":{"rendered":"https:\/\/mariepierre-terrien.com\/?post_type=product&#038;p=695"},"modified":"2026-02-16T20:54:29","modified_gmt":"2026-02-16T19:54:29","slug":"richelieu-vu-par-alexandre-dumas","status":"publish","type":"product","link":"https:\/\/mariepierre-terrien.com\/index.php\/produit\/richelieu-vu-par-alexandre-dumas\/","title":{"rendered":"Richelieu vu par Alexandre Dumas"},"content":{"rendered":"<p><img loading=\"lazy\" decoding=\"async\" class=\"alignright wp-image-696\" src=\"https:\/\/mariepierre-terrien.com\/wp-content\/uploads\/2019\/04\/1.-Richelieu-vu-par-Alexandre-Dumas.jpg\" alt=\"\" width=\"434\" height=\"614\" \/><\/p>\n","protected":false},"excerpt":{"rendered":"<p>Prix de vente 9 \u20ac + Frais de\u00a0 port\u00a0 3 \u20ac<\/p>\n<p>Marie-Pierre Terrien, <em>Richelieu vu par Alexandre Dumas<\/em>, Cholet, Editions Pays et Terroirs, 2019.<\/p>\n<p><em>Ouvrage vendu au profit de la Soci\u00e9t\u00e9 Historique Connaissance du Pays de Richelieu.<\/em><\/p>\n<blockquote>\n<p style=\"text-align: justify\"><strong>C\u2019est dans Les Trois Mousquetaires, \u0153uvre mondialement connue, qu\u2019Alexandre Dumas forge le portrait de Richelieu. Le romancier pr\u00e9tend s\u2019\u00eatre inspir\u00e9 des <em>M\u00e9moires de d\u2019Artagnan<\/em>, \u00e9crites par Gatien de Courtilz. Cette \u00e9tude a pour objectif de r\u00e9tablir la v\u00e9rit\u00e9 qui se cache derri\u00e8re le mythe de \u00ab\u00a0l\u2019homme rouge\u00a0\u00bb, en montrant qu\u2019Alexandre Dumas a \u00e9galement puis\u00e9 ses r\u00e9f\u00e9rences chez des auteurs peu fiables du XVII<sup>e<\/sup> si\u00e8cle, qui voulaient d\u00e9nigrer la politique du ministre de Louis XIII. Ces \u00e9crits furent une mine d\u2019inspiration pour notre auteur \u00e0 l\u2019imagination fertile. Les protagonistes des romans d\u2019Alexandre Dumas ont \u00e9t\u00e9 caricatur\u00e9s, tandis que les faits historiques, tels l\u2019\u00e9nigme des ferrets de la reine ou le si\u00e8ge de la Rochelle, ont subi un v\u00e9ritable processus de distorsion. Cette approche, qui confronte l\u2019histoire et la litt\u00e9rature, apporte un \u00e9clairage novateur \u00e0 l\u2019\u0153uvre d\u2019Alexandre Dumas.<\/strong><\/p>\n<\/blockquote>\n<p>&nbsp;<\/p>\n<p>&nbsp;<\/p>\n<p>&nbsp;<\/p>\n<p>&nbsp;<\/p>\n<p>&nbsp;<\/p>\n<p>&nbsp;<\/p>\n","protected":false},"featured_media":696,"comment_status":"open","ping_status":"closed","template":"","meta":[],"product_brand":[],"product_cat":[21],"product_tag":[],"class_list":{"0":"post-695","1":"product","2":"type-product","3":"status-publish","4":"has-post-thumbnail","6":"product_cat-non-classe","8":"first","9":"instock","10":"shipping-taxable","11":"purchasable","12":"product-type-simple"},"_links":{"self":[{"href":"https:\/\/mariepierre-terrien.com\/index.php\/wp-json\/wp\/v2\/product\/695","targetHints":{"allow":["GET"]}}],"collection":[{"href":"https:\/\/mariepierre-terrien.com\/index.php\/wp-json\/wp\/v2\/product"}],"about":[{"href":"https:\/\/mariepierre-terrien.com\/index.php\/wp-json\/wp\/v2\/types\/product"}],"replies":[{"embeddable":true,"href":"https:\/\/mariepierre-terrien.com\/index.php\/wp-json\/wp\/v2\/comments?post=695"}],"wp:featuredmedia":[{"embeddable":true,"href":"https:\/\/mariepierre-terrien.com\/index.php\/wp-json\/wp\/v2\/media\/696"}],"wp:attachment":[{"href":"https:\/\/mariepierre-terrien.com\/index.php\/wp-json\/wp\/v2\/media?parent=695"}],"wp:term":[{"taxonomy":"product_brand","embeddable":true,"href":"https:\/\/mariepierre-terrien.com\/index.php\/wp-json\/wp\/v2\/product_brand?post=695"},{"taxonomy":"product_cat","embeddable":true,"href":"https:\/\/mariepierre-terrien.com\/index.php\/wp-json\/wp\/v2\/product_cat?post=695"},{"taxonomy":"product_tag","embeddable":true,"href":"https:\/\/mariepierre-terrien.com\/index.php\/wp-json\/wp\/v2\/product_tag?post=695"}],"curies":[{"name":"wp","href":"https:\/\/api.w.org\/{rel}","templated":true}]}}