{"id":460,"date":"2017-12-04T16:13:35","date_gmt":"2017-12-04T15:13:35","guid":{"rendered":"http:\/\/mariepierre-terrien.com\/?post_type=product&#038;p=460"},"modified":"2026-02-16T20:55:14","modified_gmt":"2026-02-16T19:55:14","slug":"vincent-de-paul-a-richelieu-couverture-cartonnee-de-luxe","status":"publish","type":"product","link":"https:\/\/mariepierre-terrien.com\/index.php\/produit\/vincent-de-paul-a-richelieu-couverture-cartonnee-de-luxe\/","title":{"rendered":"RICHELIEU, le cardinal-ministre, sa cit\u00e9 id\u00e9ale, son h\u00e9ritage"},"content":{"rendered":"<p><img loading=\"lazy\" decoding=\"async\" class=\"alignright size-full wp-image-8565\" src=\"https:\/\/mariepierre-terrien.com\/wp-content\/uploads\/2021\/10\/couverture.png\" alt=\"\" width=\"561\" height=\"691\" srcset=\"https:\/\/mariepierre-terrien.com\/wp-content\/uploads\/2021\/10\/couverture.png 561w, https:\/\/mariepierre-terrien.com\/wp-content\/uploads\/2021\/10\/couverture-350x431.png 350w, https:\/\/mariepierre-terrien.com\/wp-content\/uploads\/2021\/10\/couverture-244x300.png 244w\" sizes=\"auto, (max-width: 561px) 100vw, 561px\" \/><\/p>\n","protected":false},"excerpt":{"rendered":"<p>Prix de vente : 29 \u20ac + Frais de port 3 \u20ac (en vente \u00e0 Richellieu\u00a0 en librairie et \u00e0 l&rsquo;Office de Tourisme)<\/p>\n<p><strong>Marie-Pierre Terrien,<em> RICHELIEU, le cardinal-ministre, sa cit\u00e9 id\u00e9ale, son h\u00e9ritage<\/em> <\/strong>(<em>ouvrage vendu au profit de la Soci\u00e9t\u00e9 Historique Connaissance du Pays de Richelieu<\/em>).<\/p>\n<p><em><strong>Malgr\u00e9 les vicissitudes du temps, la cit\u00e9 id\u00e9ale de Richelieu, impassible, traverse les si\u00e8cles. Avec son magnifique parc, dont l&rsquo;atmosph\u00e8re rappelle la splendeur de son palais disparu, elle constitue non seulement un t\u00e9moignage exceptionnel de l&rsquo;urbanisme du 17<sup>e<\/sup> si\u00e8cle, mais aussi un lieu charg\u00e9 d&rsquo;histoire, qui porte l&#8217;empreinte des ducs de Richelieu.<\/strong><\/em><\/p>\n<p><em><strong>Cette ville nouvelle con\u00e7ue de mani\u00e8re tr\u00e8s novatrice est le reflet de son fondateur, le cardinal de Richelieu, homme d&rsquo;avant-garde dans de nombreux domaines. A la mort du Cardinal, ses h\u00e9ritiers ont eu la lourde responsabilit\u00e9 de pr\u00e9server et de faire fructifier l&rsquo;\u0153uvre de leur a\u00efeul.<\/strong><\/em><\/p>\n<p><em><strong>Mieux faire conna\u00eetre la ville de Richelieu, son fondateur qui reste aur\u00e9ol\u00e9 de l\u00e9gendes, ainsi que le r\u00f4le de ses h\u00e9ritiers, tel est l&rsquo;objectif de cet ouvrage complet sur le cardinal-ministre, sa cit\u00e9 id\u00e9ale et son h\u00e9ritage.<\/strong><\/em><\/p>\n<blockquote><p>&nbsp;<\/p><\/blockquote>\n","protected":false},"featured_media":8565,"comment_status":"open","ping_status":"closed","template":"","meta":[],"product_brand":[],"product_cat":[21],"product_tag":[],"class_list":{"0":"post-460","1":"product","2":"type-product","3":"status-publish","4":"has-post-thumbnail","6":"product_cat-non-classe","8":"first","9":"instock","10":"shipping-taxable","11":"purchasable","12":"product-type-simple"},"_links":{"self":[{"href":"https:\/\/mariepierre-terrien.com\/index.php\/wp-json\/wp\/v2\/product\/460","targetHints":{"allow":["GET"]}}],"collection":[{"href":"https:\/\/mariepierre-terrien.com\/index.php\/wp-json\/wp\/v2\/product"}],"about":[{"href":"https:\/\/mariepierre-terrien.com\/index.php\/wp-json\/wp\/v2\/types\/product"}],"replies":[{"embeddable":true,"href":"https:\/\/mariepierre-terrien.com\/index.php\/wp-json\/wp\/v2\/comments?post=460"}],"wp:featuredmedia":[{"embeddable":true,"href":"https:\/\/mariepierre-terrien.com\/index.php\/wp-json\/wp\/v2\/media\/8565"}],"wp:attachment":[{"href":"https:\/\/mariepierre-terrien.com\/index.php\/wp-json\/wp\/v2\/media?parent=460"}],"wp:term":[{"taxonomy":"product_brand","embeddable":true,"href":"https:\/\/mariepierre-terrien.com\/index.php\/wp-json\/wp\/v2\/product_brand?post=460"},{"taxonomy":"product_cat","embeddable":true,"href":"https:\/\/mariepierre-terrien.com\/index.php\/wp-json\/wp\/v2\/product_cat?post=460"},{"taxonomy":"product_tag","embeddable":true,"href":"https:\/\/mariepierre-terrien.com\/index.php\/wp-json\/wp\/v2\/product_tag?post=460"}],"curies":[{"name":"wp","href":"https:\/\/api.w.org\/{rel}","templated":true}]}}