{"id":194,"date":"2017-10-09T16:22:05","date_gmt":"2017-10-09T14:22:05","guid":{"rendered":"http:\/\/mariepierre-terrien.com\/?post_type=product&#038;p=194"},"modified":"2026-02-16T20:56:24","modified_gmt":"2026-02-16T19:56:24","slug":"richelieu-histoire-dune-cite-ideale-1631-2011","status":"publish","type":"product","link":"https:\/\/mariepierre-terrien.com\/index.php\/produit\/richelieu-histoire-dune-cite-ideale-1631-2011\/","title":{"rendered":"Images de Saint Louis dans les vitraux de champigny-sur-Veude"},"content":{"rendered":"<p><img loading=\"lazy\" decoding=\"async\" class=\"alignright size-full wp-image-186\" src=\"https:\/\/mariepierre-terrien.com\/wp-content\/uploads\/2017\/09\/papier_lettre_gratuit_imprimer_lettre_amour_femme-Copie-10-Copie-Copie-Copie-Copie-Copie.jpg\" alt=\"\" width=\"410\" height=\"552\" srcset=\"https:\/\/mariepierre-terrien.com\/wp-content\/uploads\/2017\/09\/papier_lettre_gratuit_imprimer_lettre_amour_femme-Copie-10-Copie-Copie-Copie-Copie-Copie.jpg 410w, https:\/\/mariepierre-terrien.com\/wp-content\/uploads\/2017\/09\/papier_lettre_gratuit_imprimer_lettre_amour_femme-Copie-10-Copie-Copie-Copie-Copie-Copie-350x471.jpg 350w, https:\/\/mariepierre-terrien.com\/wp-content\/uploads\/2017\/09\/papier_lettre_gratuit_imprimer_lettre_amour_femme-Copie-10-Copie-Copie-Copie-Copie-Copie-223x300.jpg 223w\" sizes=\"auto, (max-width: 410px) 100vw, 410px\" \/><\/p>\n","protected":false},"excerpt":{"rendered":"<p>Prix de vente 20 \u20ac + Frais de port 5 \u20ac<\/p>\n<p>Marie-Pierre Terrien, <em>Images de Saint Louis dans les vitraux de Champigny-sur-Veude<\/em>, Editions Pays et Terroirs, 2007.<\/p>\n<p><em>Ouvrage vendu au profit de la Soci\u00e9t\u00e9 Historique Connaissance du Pays de Richelieu<\/em>.<\/p>\n<blockquote>\n<p style=\"text-align: justify\"><strong>En dehors du t\u00e9moignage essentiel de Joinville, un important recueil de biographies de Louis IX a \u00e9t\u00e9 r\u00e9dig\u00e9 par les hagiographes du XIII<sup>e<\/sup> si\u00e8cle. Ce corpus a \u00e9t\u00e9 \u00e9crit pour glorifier le roi, en vue de sa canonisation. Il s\u2019agit l\u00e0 d\u2019un roi mythique, non vraiment celui de l\u2019histoire. Trois images principales s\u2019en d\u00e9gagent : un roi h\u00e9ritier des rois de l\u2019Ancien Testament, un roi qui est parti en croisade pour rencontrer le Christ et un roi thaumaturge, qui a pratiqu\u00e9 la charit\u00e9 envers les pauvres. Certes, les images de Saint Louis propos\u00e9es dans les vitraux de la Sainte chapelle de Champigny-sur-Veude, bien que post\u00e9rieures de deux si\u00e8cles aux sources textuelles, concordent avec ce portrait id\u00e9alis\u00e9. Mais, enrichies par les sources humanistes de la Renaissance, elles v\u00e9hiculent un message bien sp\u00e9cifique, qui vise aussi \u00e0 c\u00e9l\u00e9brer les hauts faits de Louis I<sup>er<\/sup> de Bourbon, fondateur de la Sainte Chapelle.<\/strong><\/p>\n<\/blockquote>\n","protected":false},"featured_media":186,"comment_status":"open","ping_status":"closed","template":"","meta":[],"product_brand":[],"product_cat":[21],"product_tag":[19],"class_list":{"0":"post-194","1":"product","2":"type-product","3":"status-publish","4":"has-post-thumbnail","6":"product_cat-non-classe","7":"product_tag-sainte-chapelle-saint-louis","9":"first","10":"instock","11":"shipping-taxable","12":"purchasable","13":"product-type-simple"},"_links":{"self":[{"href":"https:\/\/mariepierre-terrien.com\/index.php\/wp-json\/wp\/v2\/product\/194","targetHints":{"allow":["GET"]}}],"collection":[{"href":"https:\/\/mariepierre-terrien.com\/index.php\/wp-json\/wp\/v2\/product"}],"about":[{"href":"https:\/\/mariepierre-terrien.com\/index.php\/wp-json\/wp\/v2\/types\/product"}],"replies":[{"embeddable":true,"href":"https:\/\/mariepierre-terrien.com\/index.php\/wp-json\/wp\/v2\/comments?post=194"}],"wp:featuredmedia":[{"embeddable":true,"href":"https:\/\/mariepierre-terrien.com\/index.php\/wp-json\/wp\/v2\/media\/186"}],"wp:attachment":[{"href":"https:\/\/mariepierre-terrien.com\/index.php\/wp-json\/wp\/v2\/media?parent=194"}],"wp:term":[{"taxonomy":"product_brand","embeddable":true,"href":"https:\/\/mariepierre-terrien.com\/index.php\/wp-json\/wp\/v2\/product_brand?post=194"},{"taxonomy":"product_cat","embeddable":true,"href":"https:\/\/mariepierre-terrien.com\/index.php\/wp-json\/wp\/v2\/product_cat?post=194"},{"taxonomy":"product_tag","embeddable":true,"href":"https:\/\/mariepierre-terrien.com\/index.php\/wp-json\/wp\/v2\/product_tag?post=194"}],"curies":[{"name":"wp","href":"https:\/\/api.w.org\/{rel}","templated":true}]}}