{"id":104,"date":"2017-09-26T10:52:20","date_gmt":"2017-09-26T08:52:20","guid":{"rendered":"http:\/\/mariepierre-terrien.com\/?post_type=product&#038;p=104"},"modified":"2024-02-21T11:10:25","modified_gmt":"2024-02-21T10:10:25","slug":"richelieu-la-ville-et-son-chateau","status":"publish","type":"product","link":"https:\/\/mariepierre-terrien.com\/index.php\/produit\/richelieu-la-ville-et-son-chateau\/","title":{"rendered":"Richelieu, La ville et son ch\u00e2teau"},"content":{"rendered":"<p>&nbsp;<\/p>\n<p>&nbsp;<\/p>\n<p><img loading=\"lazy\" decoding=\"async\" class=\"alignright wp-image-705\" src=\"https:\/\/mariepierre-terrien.com\/wp-content\/uploads\/2017\/10\/Histoire-d-eRichelieu-couv..jpg\" alt=\"\" width=\"470\" height=\"669\" srcset=\"https:\/\/mariepierre-terrien.com\/wp-content\/uploads\/2017\/10\/Histoire-d-eRichelieu-couv..jpg 1242w, https:\/\/mariepierre-terrien.com\/wp-content\/uploads\/2017\/10\/Histoire-d-eRichelieu-couv.-350x498.jpg 350w, https:\/\/mariepierre-terrien.com\/wp-content\/uploads\/2017\/10\/Histoire-d-eRichelieu-couv.-211x300.jpg 211w, https:\/\/mariepierre-terrien.com\/wp-content\/uploads\/2017\/10\/Histoire-d-eRichelieu-couv.-768x1093.jpg 768w, https:\/\/mariepierre-terrien.com\/wp-content\/uploads\/2017\/10\/Histoire-d-eRichelieu-couv.-720x1024.jpg 720w\" sizes=\"auto, (max-width: 470px) 100vw, 470px\" \/><\/p>\n","protected":false},"excerpt":{"rendered":"<p>Prix de vente 15 \u20ac + Frais de port 3 \u20ac<\/p>\n<p>Marie-Pierre Terrien, <em>Richelieu, la ville et son ch\u00e2teau, <\/em>Editions Pays et Terroirs. Cholet, 2016<\/p>\n<p>Ouvrage vendu au profit de la Soci\u00e9t\u00e9 Historique Connaissance du Pays de Richelieu<\/p>\n<blockquote>\n<p style=\"text-align: justify\"><strong>La cit\u00e9 id\u00e9ale de Richelieu, dont le destin semblait li\u00e9 \u00e0 son fondateur, \u00e9tait-elle viable apr\u00e8s sa mort en 1642\u00a0? Au XVIII<sup>e<\/sup> si\u00e8cle, la cit\u00e9 reste sous la protection des ducs de Richelieu, qui souhaitent conserver l\u2019unit\u00e9 du programme architectural r\u00e9alis\u00e9 par leur anc\u00eatre. Mais \u00e0 la R\u00e9volution, une profonde c\u00e9sure survient dans le cours de cette histoire que rien ne semblait devoir troubler. La ville perd ses privil\u00e8ges, d\u00e9sormais contraires aux nouveaux id\u00e9aux. La municipalit\u00e9 assiste impuissante \u00e0 la vente du ch\u00e2teau en 1805, puis \u00e0 sa destruction par son acqu\u00e9reur Alexandre Bontron. La population est priv\u00e9e de ses fontaines, ressource de premi\u00e8re n\u00e9cessit\u00e9. Les diff\u00e9rents maires qui se succ\u00e8dent \u00e0 Richelieu apr\u00e8s la R\u00e9volution ne vont pas m\u00e9nager leur peine pour sauver la cit\u00e9 du Cardinal, menac\u00e9e alors de dispara\u00eetre avec son ch\u00e2teau&#8230;<\/strong><\/p>\n<\/blockquote>\n<p><img loading=\"lazy\" decoding=\"async\" class=\"alignright size-full wp-image-106\" src=\"https:\/\/mariepierre-terrien.com\/wp-content\/uploads\/2017\/09\/SKMBT_C22017092610300_0007.jpg\" alt=\"\" width=\"1030\" height=\"1456\" \/><\/p>\n<p>&nbsp;<\/p>\n","protected":false},"featured_media":705,"comment_status":"open","ping_status":"closed","template":"","meta":[],"product_brand":[],"product_cat":[21],"product_tag":[17,18],"class_list":{"0":"post-104","1":"product","2":"type-product","3":"status-publish","4":"has-post-thumbnail","6":"product_cat-non-classe","7":"product_tag-cardinal","8":"product_tag-richelieu","10":"first","11":"instock","12":"shipping-taxable","13":"purchasable","14":"product-type-simple"},"_links":{"self":[{"href":"https:\/\/mariepierre-terrien.com\/index.php\/wp-json\/wp\/v2\/product\/104","targetHints":{"allow":["GET"]}}],"collection":[{"href":"https:\/\/mariepierre-terrien.com\/index.php\/wp-json\/wp\/v2\/product"}],"about":[{"href":"https:\/\/mariepierre-terrien.com\/index.php\/wp-json\/wp\/v2\/types\/product"}],"replies":[{"embeddable":true,"href":"https:\/\/mariepierre-terrien.com\/index.php\/wp-json\/wp\/v2\/comments?post=104"}],"wp:featuredmedia":[{"embeddable":true,"href":"https:\/\/mariepierre-terrien.com\/index.php\/wp-json\/wp\/v2\/media\/705"}],"wp:attachment":[{"href":"https:\/\/mariepierre-terrien.com\/index.php\/wp-json\/wp\/v2\/media?parent=104"}],"wp:term":[{"taxonomy":"product_brand","embeddable":true,"href":"https:\/\/mariepierre-terrien.com\/index.php\/wp-json\/wp\/v2\/product_brand?post=104"},{"taxonomy":"product_cat","embeddable":true,"href":"https:\/\/mariepierre-terrien.com\/index.php\/wp-json\/wp\/v2\/product_cat?post=104"},{"taxonomy":"product_tag","embeddable":true,"href":"https:\/\/mariepierre-terrien.com\/index.php\/wp-json\/wp\/v2\/product_tag?post=104"}],"curies":[{"name":"wp","href":"https:\/\/api.w.org\/{rel}","templated":true}]}}