{"id":8630,"date":"2022-04-03T09:29:49","date_gmt":"2022-04-03T07:29:49","guid":{"rendered":"https:\/\/mariepierre-terrien.com\/?page_id=8630"},"modified":"2023-01-17T17:22:38","modified_gmt":"2023-01-17T16:22:38","slug":"le-cinquieme-duc-de-richelieu-1766-1822-gouverneur-dodessa","status":"publish","type":"page","link":"https:\/\/mariepierre-terrien.com\/index.php\/le-cinquieme-duc-de-richelieu-1766-1822-gouverneur-dodessa\/","title":{"rendered":"Le cinqui\u00e8me duc de Richelieu (1766-1822)"},"content":{"rendered":"\n<p><strong> <\/strong><\/p>\n\n\n\n<figure class=\"wp-block-image size-large is-resized is-style-rounded\"><img loading=\"lazy\" decoding=\"async\" src=\"https:\/\/mariepierre-terrien.com\/wp-content\/uploads\/2022\/04\/5e-duc-de-Richelieu-851x1024.jpg\" alt=\"\" class=\"wp-image-8631\" width=\"426\" height=\"512\" srcset=\"https:\/\/mariepierre-terrien.com\/wp-content\/uploads\/2022\/04\/5e-duc-de-Richelieu-851x1024.jpg 851w, https:\/\/mariepierre-terrien.com\/wp-content\/uploads\/2022\/04\/5e-duc-de-Richelieu-350x421.jpg 350w, https:\/\/mariepierre-terrien.com\/wp-content\/uploads\/2022\/04\/5e-duc-de-Richelieu-249x300.jpg 249w, https:\/\/mariepierre-terrien.com\/wp-content\/uploads\/2022\/04\/5e-duc-de-Richelieu-768x925.jpg 768w, https:\/\/mariepierre-terrien.com\/wp-content\/uploads\/2022\/04\/5e-duc-de-Richelieu.jpg 932w\" sizes=\"auto, (max-width: 426px) 100vw, 426px\" \/><figcaption class=\"wp-element-caption\">Le 5e duc de Richelieu, petit fils du Mar\u00e9chal de Richelieu  <\/figcaption><\/figure>\n\n\n\n<p>Le cinqui\u00e8me duc de Richelieu, Armand Emmanuel du Plessis de Richelieu (1766-1822)  occupe une place importante dans la saga des ducs de Richelieu.<\/p>\n\n\n\n<p>En 1790, il fuit la R\u00e9volution et part servir dans l\u2019arm\u00e9e russe contre les Ottomans. Gr\u00e2ce \u00e0 l\u2019appui du tsar Alexandre I<sup>er<\/sup>, il devient gouverneur d\u2019Odessa (1803-1814), alors colonie naissante fond\u00e9e <em>ex nihilo<\/em> sur les bords de la Mer Noire, au lendemain des guerres contre les Turcs et de la reconqu\u00eate du littoral. En 1810, il est nomm\u00e9 gouverneur de Nouvelle Russie, dont Odessa doit \u00eatre la capitale, et administre cet important territoire qui s\u2019\u00e9tend alors jusqu\u2019au Caucase. Le duc de Richelieu consid\u00e8re la Russie comme sa patrie d\u2019adoption.<\/p>\n\n\n\n<p>Le Cardinal et le Mar\u00e9chal ont \u0153uvr\u00e9 pour faire de Richelieu un programme architectural ville-ch\u00e2teau mod\u00e8le. Mais \u00e0 l\u2019\u00e9poque du cinqui\u00e8me duc de Richelieu, le ch\u00e2teau conna\u00eet un triste sort. Il est confisqu\u00e9 comme bien national et subit plusieurs spoliations. En 1805, la famille de Richelieu r\u00e9ussit apr\u00e8s un long proc\u00e8s \u00e0 r\u00e9cup\u00e9rer ses biens. Mais Armand Emmanuel doit composer avec ses deux demi-s\u0153urs, qui r\u00e9clament une partie du domaine, et il d\u00e9cide de vendre le ch\u00e2teau de son grand-oncle. Ce magnifique palais fut d\u00e9mantel\u00e9 pendant plus de trente ans par le nouveau propri\u00e9taire, Alexandre Bontron, et ses riches collections furent sauvagement dispers\u00e9es.<\/p>\n\n\n\n<p><strong><em>Vestiges du ch\u00e2teau de Richelieu d\u00e9truit dans la premi\u00e8re moiti\u00e9 du 19<sup>e<\/sup> si\u00e8cle<\/em><\/strong> :<\/p>\n\n\n\n<figure class=\"wp-block-image size-large is-resized\"><img loading=\"lazy\" decoding=\"async\" src=\"https:\/\/mariepierre-terrien.com\/wp-content\/uploads\/2022\/04\/Richelieu-lancien-manege-923x1024.jpg\" alt=\"\" class=\"wp-image-8632\" width=\"462\" height=\"512\" srcset=\"https:\/\/mariepierre-terrien.com\/wp-content\/uploads\/2022\/04\/Richelieu-lancien-manege-923x1024.jpg 923w, https:\/\/mariepierre-terrien.com\/wp-content\/uploads\/2022\/04\/Richelieu-lancien-manege-350x388.jpg 350w, https:\/\/mariepierre-terrien.com\/wp-content\/uploads\/2022\/04\/Richelieu-lancien-manege-270x300.jpg 270w, https:\/\/mariepierre-terrien.com\/wp-content\/uploads\/2022\/04\/Richelieu-lancien-manege-768x852.jpg 768w, https:\/\/mariepierre-terrien.com\/wp-content\/uploads\/2022\/04\/Richelieu-lancien-manege.jpg 999w\" sizes=\"auto, (max-width: 462px) 100vw, 462px\" \/><figcaption class=\"wp-element-caption\">Le d\u00f4me (ancien man\u00e8ge du ch\u00e2teau de Richelieu)<\/figcaption><\/figure>\n\n\n\n<figure class=\"wp-block-image size-large\"><img loading=\"lazy\" decoding=\"async\" width=\"1024\" height=\"683\" src=\"https:\/\/mariepierre-terrien.com\/wp-content\/uploads\/2022\/04\/Richelieu-Les-caves-du-chateau-1024x683.jpg\" alt=\"\" class=\"wp-image-8633\" srcset=\"https:\/\/mariepierre-terrien.com\/wp-content\/uploads\/2022\/04\/Richelieu-Les-caves-du-chateau-1024x683.jpg 1024w, https:\/\/mariepierre-terrien.com\/wp-content\/uploads\/2022\/04\/Richelieu-Les-caves-du-chateau-scaled-350x233.jpg 350w, https:\/\/mariepierre-terrien.com\/wp-content\/uploads\/2022\/04\/Richelieu-Les-caves-du-chateau-300x200.jpg 300w, https:\/\/mariepierre-terrien.com\/wp-content\/uploads\/2022\/04\/Richelieu-Les-caves-du-chateau-768x512.jpg 768w, https:\/\/mariepierre-terrien.com\/wp-content\/uploads\/2022\/04\/Richelieu-Les-caves-du-chateau-1536x1024.jpg 1536w, https:\/\/mariepierre-terrien.com\/wp-content\/uploads\/2022\/04\/Richelieu-Les-caves-du-chateau-2048x1365.jpg 2048w\" sizes=\"auto, (max-width: 767px) 89vw, (max-width: 1000px) 54vw, (max-width: 1071px) 543px, 580px\" \/><figcaption class=\"wp-element-caption\">Les caves<\/figcaption><\/figure>\n\n\n\n<figure class=\"wp-block-image size-large is-resized\"><img loading=\"lazy\" decoding=\"async\" src=\"https:\/\/mariepierre-terrien.com\/wp-content\/uploads\/2022\/04\/Richelieu-Les-caves-du-chateau-2-683x1024.jpg\" alt=\"\" class=\"wp-image-8634\" width=\"342\" height=\"512\" srcset=\"https:\/\/mariepierre-terrien.com\/wp-content\/uploads\/2022\/04\/Richelieu-Les-caves-du-chateau-2-683x1024.jpg 683w, https:\/\/mariepierre-terrien.com\/wp-content\/uploads\/2022\/04\/Richelieu-Les-caves-du-chateau-2-scaled-350x525.jpg 350w, https:\/\/mariepierre-terrien.com\/wp-content\/uploads\/2022\/04\/Richelieu-Les-caves-du-chateau-2-200x300.jpg 200w, https:\/\/mariepierre-terrien.com\/wp-content\/uploads\/2022\/04\/Richelieu-Les-caves-du-chateau-2-768x1152.jpg 768w, https:\/\/mariepierre-terrien.com\/wp-content\/uploads\/2022\/04\/Richelieu-Les-caves-du-chateau-2-1024x1536.jpg 1024w, https:\/\/mariepierre-terrien.com\/wp-content\/uploads\/2022\/04\/Richelieu-Les-caves-du-chateau-2-1365x2048.jpg 1365w, https:\/\/mariepierre-terrien.com\/wp-content\/uploads\/2022\/04\/Richelieu-Les-caves-du-chateau-2-scaled.jpg 1707w\" sizes=\"auto, (max-width: 342px) 100vw, 342px\" \/><figcaption class=\"wp-element-caption\"><strong>L&rsquo;orangerie<\/strong><\/figcaption><\/figure>\n\n\n\n<p>Le cinqui\u00e8me duc de Richelieu pr\u00e9f\u00e8re s\u2019impliquer dans la mise en valeur de la cit\u00e9 qu\u2019il doit administrer. La colonie d\u2019Odessa, trac\u00e9e au cordeau, devient une ville florissante, qui attire de nombreux immigr\u00e9s gr\u00e2ce \u00e0 l\u2019exemption de taxes. Le duc contribue \u00e0 son d\u00e9veloppement \u00e9conomique et entreprend l\u2019agrandissement du port par lequel s\u2019effectuent les exportations de c\u00e9r\u00e9ales. Il favorise son essor culturel, fonde un th\u00e9\u00e2tre et un coll\u00e8ge, qui deviendra par la suite le lyc\u00e9e Richelieu.<\/p>\n\n\n\n<p>Le mar\u00e9chal de Richelieu eut le regret de ne pas \u00eatre premier ministre et de ne pas suivre la voie trac\u00e9e par son a\u00efeul, le grand Cardinal. Son petit-fils r\u00e9alise son v\u0153u. En effet, bien que tr\u00e8s attach\u00e9 \u00e0 la Russie o\u00f9 il r\u00e9side plus de vingt ans, il revient en France \u00e0 la Restauration, par devoir patriotique. Cet homme \u00e9minent est appel\u00e9 par Louis XVIII, qui a entendu parler de ses nombreuses qualit\u00e9s. En tant qu\u2019ami du tsar Alexandre I<sup>er<\/sup>, lui seul par ailleurs peut obtenir son appui pour la France. Louis XVIII remplace Talleyrand au minist\u00e8re des Affaires \u00e9trang\u00e8res. Le duc de Richelieu a la lourde charge de traiter avec les alli\u00e9s au congr\u00e8s de Vienne. Fin n\u00e9gociateur comme son a\u00efeul le Cardinal, il r\u00e9ussit \u00e0 faire accepter aux alli\u00e9s le second trait\u00e9 de Paris (20 novembre 1815), dont les exigences sont moins drastiques que celles pr\u00e9vues initialement.<\/p>\n\n\n\n<p>Le duc de Richelieu est \u00e9galement charg\u00e9 de redresser la situation \u00e9conomique et politique de la France. Sa mission s\u2019av\u00e8re difficile, car il doit composer avec les ultraroyalistes. Rapidement, sa nouvelle vie lui devient insupportable. Il a la nostalgie de sa terre d\u2019adoption\u2026<\/p>\n\n\n\n<p>Il finit par d\u00e9missionner le 13 d\u00e9cembre 1821. D\u00e9sormais lib\u00e9r\u00e9 de toute contrainte, il n\u2019a qu\u2019une h\u00e2te, retourner \u00e0 Odessa. Mais il d\u00e9c\u00e8de le 17 mai 1822, sans avoir pu r\u00e9aliser son dernier r\u00eave.<\/p>\n\n\n\n<p>Armand Emmanuel mourut sans h\u00e9ritier. Le titre de duc de Richelieu passa au fils de sa demi-s\u0153ur Simplicie, Armand Fran\u00e7ois Odet de la Chapelle de Saint-Jean de Jumilhac (1804-1879). Le sixi\u00e8me duc d\u00e9c\u00e9da \u00e0 son tour sans h\u00e9ritier et le titre passa \u00e0 son neveu Marie Odet Richard Armand de La Chapelle de Saint-Jean de Jumilhac (1847-1880). En 1878, le domaine de Richelieu fut acquis par Michel Heine, banquier parisien, qui reconstitua le parc pour son gendre, le marquis de Jumilhac, septi\u00e8me duc de Richelieu. Embelli par de nombreuses plantations, le domaine retrouva son faste d\u2019antan. Le septi\u00e8me duc de Richelieu mourut en 1880, \u00e0 32 ans. Le r\u00e9am\u00e9nagement du parc fut achev\u00e9 au d\u00e9but du XX<sup>e<\/sup> si\u00e8cle par Georges Heine, fils de Michel Heine.<\/p>\n\n\n\n<p>Le titre passa ensuite au huiti\u00e8me duc de Richelieu, Marie Odet Jean Armand de La Chapelle de Saint-Jean de Jumilhac (1875-1952), fils du pr\u00e9c\u00e9dent. En souvenir de son a\u00efeul Armand Jean du Plessis, restaurateur de la Sorbonne, il fit don du domaine, en 1930, \u00e0 l\u2019Universit\u00e9 de Paris, qui en est toujours propri\u00e9taire. Le huiti\u00e8me duc mourut sans h\u00e9ritier et le titre de duc de Richelieu s\u2019\u00e9teignit en 1952.<\/p>\n\n\n\n<p>\u00a9 Marie-Pierre Terrien<\/p>\n\n\n\n<p><strong>Pour en savoir plus<\/strong> : Marie-Pierre Terrien, <em>Richelieu, le cardinal-ministre, sa cit\u00e9 id\u00e9ale, son h\u00e9ritage<\/em>, Editions La simarre, 2021.<\/p>\n\n\n<div class=\"wp-block-image\">\n<figure class=\"aligncenter size-large is-resized\"><img loading=\"lazy\" decoding=\"async\" src=\"https:\/\/mariepierre-terrien.com\/wp-content\/uploads\/2022\/04\/Fig.-13-Copie-13-1024x899.jpg\" alt=\"\" class=\"wp-image-8779\" width=\"512\" height=\"450\" srcset=\"https:\/\/mariepierre-terrien.com\/wp-content\/uploads\/2022\/04\/Fig.-13-Copie-13-1024x899.jpg 1024w, https:\/\/mariepierre-terrien.com\/wp-content\/uploads\/2022\/04\/Fig.-13-Copie-13-300x263.jpg 300w, https:\/\/mariepierre-terrien.com\/wp-content\/uploads\/2022\/04\/Fig.-13-Copie-13-768x674.jpg 768w, https:\/\/mariepierre-terrien.com\/wp-content\/uploads\/2022\/04\/Fig.-13-Copie-13-350x307.jpg 350w, https:\/\/mariepierre-terrien.com\/wp-content\/uploads\/2022\/04\/Fig.-13-Copie-13.jpg 1030w\" sizes=\"auto, (max-width: 512px) 100vw, 512px\" \/><\/figure>\n<\/div>","protected":false},"excerpt":{"rendered":"<p>Le cinqui\u00e8me duc de Richelieu, Armand Emmanuel du Plessis de Richelieu (1766-1822) occupe une place importante dans la saga des ducs de Richelieu. En 1790, il fuit la R\u00e9volution et part servir dans l\u2019arm\u00e9e russe contre les Ottomans. Gr\u00e2ce \u00e0 l\u2019appui du tsar Alexandre Ier, il devient gouverneur d\u2019Odessa (1803-1814), alors colonie naissante fond\u00e9e ex &hellip; <\/p>\n<p class=\"link-more\"><a href=\"https:\/\/mariepierre-terrien.com\/index.php\/le-cinquieme-duc-de-richelieu-1766-1822-gouverneur-dodessa\/\" class=\"more-link\">Continuer la lecture<span class=\"screen-reader-text\"> de &laquo;&nbsp;Le cinqui\u00e8me duc de Richelieu (1766-1822)&nbsp;&raquo;<\/span><\/a><\/p>\n","protected":false},"author":2,"featured_media":0,"parent":0,"menu_order":0,"comment_status":"closed","ping_status":"closed","template":"","meta":{"footnotes":""},"class_list":["post-8630","page","type-page","status-publish","hentry"],"_links":{"self":[{"href":"https:\/\/mariepierre-terrien.com\/index.php\/wp-json\/wp\/v2\/pages\/8630","targetHints":{"allow":["GET"]}}],"collection":[{"href":"https:\/\/mariepierre-terrien.com\/index.php\/wp-json\/wp\/v2\/pages"}],"about":[{"href":"https:\/\/mariepierre-terrien.com\/index.php\/wp-json\/wp\/v2\/types\/page"}],"author":[{"embeddable":true,"href":"https:\/\/mariepierre-terrien.com\/index.php\/wp-json\/wp\/v2\/users\/2"}],"replies":[{"embeddable":true,"href":"https:\/\/mariepierre-terrien.com\/index.php\/wp-json\/wp\/v2\/comments?post=8630"}],"version-history":[{"count":9,"href":"https:\/\/mariepierre-terrien.com\/index.php\/wp-json\/wp\/v2\/pages\/8630\/revisions"}],"predecessor-version":[{"id":8847,"href":"https:\/\/mariepierre-terrien.com\/index.php\/wp-json\/wp\/v2\/pages\/8630\/revisions\/8847"}],"wp:attachment":[{"href":"https:\/\/mariepierre-terrien.com\/index.php\/wp-json\/wp\/v2\/media?parent=8630"}],"curies":[{"name":"wp","href":"https:\/\/api.w.org\/{rel}","templated":true}]}}