{"id":405,"date":"2017-11-28T21:58:03","date_gmt":"2017-11-28T20:58:03","guid":{"rendered":"http:\/\/mariepierre-terrien.com\/?page_id=405"},"modified":"2023-01-17T17:20:29","modified_gmt":"2023-01-17T16:20:29","slug":"le-cardinal-de-richelieu","status":"publish","type":"page","link":"https:\/\/mariepierre-terrien.com\/index.php\/le-cardinal-de-richelieu\/","title":{"rendered":"Le cardinal de Richelieu (1585-1642)"},"content":{"rendered":"<p><strong>Qui \u00e9tait le cardinal de Richelieu\u00a0?<\/strong><\/p>\n<p style=\"text-align: justify\">Lorsque le cardinal de Richelieu entre au Conseil du Roi en 1624, sa t\u00e2che s\u2019annonce difficile. Pour redresser la situation en France et restaurer la grandeur de la monarchie fran\u00e7aise, il doit se battre sur tous les fronts. Il promet \u00e0 Louis XIII de mettre tout en \u0153uvre pour \u00ab relever son nom dans les nations \u00e9trang\u00e8res, au point o\u00f9 il devait \u00eatre \u00bb. Il est alors soutenu par la reine m\u00e8re, dans son projet de voir refleurir les lys dans le royaume de France. Mais l\u2019homme \u00e0 la poigne de fer se fait aussi rapidement beaucoup d\u2019ennemis, car son programme d\u00e9range. Attaqu\u00e9 de toutes parts, il est la cible des critiques, des intrigues et des tentatives d\u2019assassinat\u2026<br \/>D\u00e8s le 17e si\u00e8cle, il est soit adul\u00e9 soit m\u00e9pris\u00e9, ange tut\u00e9laire de la France ou au contraire ant\u00e9christ destructeur du royaume. Ces pr\u00e9jug\u00e9s \u00e0 l\u2019encontre de Richelieu ont \u00e9t\u00e9 entretenus par Alexandre Dumas dans <em>Les Trois Mousquetaires<\/em>, qui mettent en sc\u00e8ne les intrigues du Cardinal\u2026 Ils ont fini par forger l\u2019image d\u2019un personnage peu sympathique, aur\u00e9ol\u00e9 d\u2019une l\u00e9gende noire, qui a travers\u00e9 le temps. De nos jours, Richelieu reste pour ses admirateurs celui qui a pr\u00e9par\u00e9 l\u2019av\u00e8nement de Louis XIV, tandis que pour ses d\u00e9tracteurs, tout ou presque peut lui \u00eatre reproch\u00e9. Richelieu est \u00e0 la fois tr\u00e8s connu et m\u00e9connu, malgr\u00e9 les multiples ouvrages qui lui ont \u00e9t\u00e9 consacr\u00e9s.<br \/>Dans son Testament politique, Richelieu d\u00e9finit les trois p\u00f4les d&rsquo;une action destin\u00e9e \u00e0 redresser la situation de la France : la lutte contre le parti protestant, qui formait un v\u00e9ritable Etat dans l\u2019Etat, son combat contre la maison de Habsbourg qui risquait d\u2019encercler la France, rabaisser l&rsquo;orgueil des Grands qui faisaient de l\u2019ombre \u00e0 la Monarchie. Dans chacun de ces domaines, quel a \u00e9t\u00e9 l&rsquo;apport de Richelieu ? Comment sa pens\u00e9e a \u00e9t\u00e9 per\u00e7ue par ses contemporains\u00a0? Quelle v\u00e9rit\u00e9 se cache derri\u00e8re le mythe de l\u2019homme rouge ?<\/p>\n<p><img loading=\"lazy\" decoding=\"async\" class=\" wp-image-424 aligncenter\" src=\"http:\/\/mariepierre-terrien.com\/wp-content\/uploads\/2017\/11\/2.-Panneau-d\u00e9cor\u00e9-des-chiffres-du-cardinal-de-Richelieu-203x300.jpg\" alt=\"\" width=\"267\" height=\"394\" srcset=\"https:\/\/mariepierre-terrien.com\/wp-content\/uploads\/2017\/11\/2.-Panneau-d\u00e9cor\u00e9-des-chiffres-du-cardinal-de-Richelieu-203x300.jpg 203w, https:\/\/mariepierre-terrien.com\/wp-content\/uploads\/2017\/11\/2.-Panneau-d\u00e9cor\u00e9-des-chiffres-du-cardinal-de-Richelieu-350x518.jpg 350w, https:\/\/mariepierre-terrien.com\/wp-content\/uploads\/2017\/11\/2.-Panneau-d\u00e9cor\u00e9-des-chiffres-du-cardinal-de-Richelieu-768x1137.jpg 768w, https:\/\/mariepierre-terrien.com\/wp-content\/uploads\/2017\/11\/2.-Panneau-d\u00e9cor\u00e9-des-chiffres-du-cardinal-de-Richelieu-692x1024.jpg 692w, https:\/\/mariepierre-terrien.com\/wp-content\/uploads\/2017\/11\/2.-Panneau-d\u00e9cor\u00e9-des-chiffres-du-cardinal-de-Richelieu.jpg 918w\" sizes=\"auto, (max-width: 267px) 100vw, 267px\" \/><\/p>\n<p style=\"text-align: center\">Panneau aux chiffres du cardinal de Richelieu, mus\u00e9e de Richelieu<\/p>\n<p>\u00a0<\/p>\n<p style=\"text-align: justify\"><strong>Richelieu et les protestants<\/strong><br \/>En 1627, les Anglais, men\u00e9s par Buckingham, d\u00e9cident de porter secours aux huguenots de la Rochelle, mais d\u00e9but octobre Richelieu les Anglais sont oblig\u00e9s de se replier, suite \u00e0 l\u2019arriv\u00e9e du mar\u00e9chal de Schomberg. L\u2019ann\u00e9e suivante, ce bastion du protestantisme est vaincu (28 octobre 1628). Pour Richelieu, le parti huguenot est en effet dangereux et constitue un risque pour la royaut\u00e9 fran\u00e7aise. Il a en effet ses assembl\u00e9es politiques et ses places fortes militaires, il noue des alliances avec l\u2019Angleterre. Par la paix d\u2019Al\u00e8s (20 juin 1629), les forteresses sont d\u00e9mantel\u00e9es et les privil\u00e8ges politiques sont supprim\u00e9s pour les protestants, mais Louis XIII et Richelieu continuent toutefois \u00e0 accorder aux r\u00e9form\u00e9s la libert\u00e9 de culte.<br \/>L\u2019Edit de Nantes aurait pu \u00eatre r\u00e9voqu\u00e9. Le principal ministre du Roi, hant\u00e9 par le spectre destructeur des guerres de Religion, pr\u00e9f\u00e8re jouer la carte de la tol\u00e9rance, m\u00eame s&rsquo;il souhaite r\u00e9tablir l\u2019unit\u00e9 religieuse, pr\u00e9occupation majeure des hommes d\u2019Eglise de son temps. Il n\u2019est pas en accord avec la religion pr\u00e9tendue r\u00e9form\u00e9e. Son <em>Trait\u00e9 qui contient la m\u00e9thode la plus facile et la plus assur\u00e9e pour convertir ceux qui sont s\u00e9par\u00e9s de l\u2019Eglise<\/em>, accuse les protestants d\u2019enseigner de fausses doctrines.<\/p>\n<p style=\"text-align: justify\">Richelieu veut mettre concr\u00e8tement en place les id\u00e9es de la Contre-R\u00e9forme catholique. Les guerres de religion se sont prolong\u00e9es jusqu\u2019en 1598 et les mesures r\u00e9formatrices du Concile de Trente n\u2019ont pu se mettre en place avant les ann\u00e9es 1610. Richelieu est alors \u00e9v\u00eaque de Lu\u00e7on. Il r\u00e9dige un cat\u00e9chisme clair et p\u00e9dagogique, <em>l\u2019Instruction du Chrestien<\/em>, \u00e0 la fois pour instruire les fid\u00e8les et former les pr\u00eatres. Il parcourt son dioc\u00e8se et convoque des synodes dioc\u00e9sains. Nomm\u00e9 cardinal en 1622, il veut mettre en place des s\u00e9minaires pour la formation des \u00e9v\u00eaques et restaurer la discipline au sein des ordres monastiques. Lorsqu\u2019il devient ministre de Louis XIII, il poursuit avec autant de d\u00e9termination son action d\u2019homme d\u2019Eglise au service de la Contre-R\u00e9forme catholique. Le r\u00e8glement de l\u2019Edit de Nantes est appliqu\u00e9 par des Commissaires envoy\u00e9s par le Roi.<\/p>\n<p style=\"text-align: justify\"><em>R\u00e9actions \u00e0 la politique de tol\u00e9rance de Richelieu<\/em><br \/>Richelieu d\u00e9range \u00e0 la fois les protestants et les catholiques. Les protestants se sentent l\u00e9s\u00e9s, car il supprime leurs privil\u00e8ges politiques et militaires. Les catholiques les plus fervents estiment au contraire que Richelieu fait de trop grandes concessions aux r\u00e9form\u00e9s et d\u00e9plorent sa mod\u00e9ration, il est selon eux trop indulgent et sa tol\u00e9rance vis-\u00e0-vis des r\u00e9form\u00e9s prouve qu\u2019il est de leur c\u00f4t\u00e9. Il ne satisfait ni les uns ni les autres\u2026 Richelieu n\u2019a pas un r\u00f4le facile, car la soci\u00e9t\u00e9 de cette \u00e9poque est tr\u00e8s divis\u00e9e, une v\u00e9ritable tour de Babel. Deux grands partis s\u2019affrontent dans le milieu catholique : le parti des d\u00e9vots, men\u00e9 par la Reine m\u00e8re, souhaite la r\u00e9vocation de l\u2019Edit de Nantes et pensent que l\u2019Espagne est la seule puissance capable de restaurer l\u2019unit\u00e9 religieuse en Europe. Au contraire, le parti des \u00ab bons Fran\u00e7ais \u00bb, qui approuve la politique de Richelieu, est plus mod\u00e9r\u00e9 et tol\u00e8re la religion r\u00e9form\u00e9e ; sa priorit\u00e9 est de contrecarrer la volont\u00e9 d&rsquo;h\u00e9g\u00e9monie de l&rsquo;Espagne.<\/p>\n<p style=\"text-align: justify\">La Prise de la Rochelle est l\u2019exemple m\u00eame de cette divergence de points de vue qui partagent les contemporains de Richelieu. La reddition de la place forte est consid\u00e9r\u00e9e par les admirateurs de Richelieu comme un v\u00e9ritable exploit. Mais, au lendemain de la prise de La Rochelle, la politique de tol\u00e9rance de Richelieu vis-\u00e0-vis des r\u00e9form\u00e9s de France est loin de faire l\u2019unanimit\u00e9&#8230;<\/p>\n<p style=\"text-align: justify\"><strong>Richelieu contre la maison de Habsbourg<\/strong><br \/><em>Le contexte de la guerre de Trente Ans<\/em><br \/>Sous l\u2019influence de Luther puis de Calvin, le protestantisme a progress\u00e9 en Allemagne, ce qui divise l\u2019Empire en deux camps oppos\u00e9s. La guerre de Trente Ans \u00e9clate en 1618, alors que des repr\u00e9sentants de l\u2019empereur Ferdinand II sont d\u00e9f\u00e9nestr\u00e9s du Palais royal de Prague par des protestants m\u00e9contents, qui d\u00e9plorent que leurs droits ne sont pas respect\u00e9s.<br \/>De son c\u00f4t\u00e9, l\u2019Espagne ne cesse de d\u00e9velopper son h\u00e9g\u00e9monie. Elle est pr\u00e9sente en Italie, o\u00f9 elle occupe la Sicile, le royaume de Naples et le duch\u00e9 de Milan, dans les Pays-Bas du Sud et en Franche-Comt\u00e9. Par ailleurs l\u2019installation des Espagnols dans les principales places fortes du Palatinat sur le Rhin inqui\u00e8te Richelieu, qui surveille l\u2019encerclement de la France par les Habsbourg de Madrid et de Vienne. Il veut au contraire pr\u00e9server l\u2019\u00e9quilibre des forces europ\u00e9ennes. Dans ce but, la France conclut des trait\u00e9s d\u2019alliances avec les adversaires de la puissante maison bic\u00e9phale. Ainsi en 1624, elle signe un pacte offensif et d\u00e9fensif avec les Provinces-Unies (ou Pays-Bas du nord, ceux du sud \u00e9tant sous domination espagnole). Le mariage d\u2019Henriette de France, s\u0153ur de Louis XIII, et du futur Charles Ier d\u2019Angleterre permet une alliance avec l&rsquo;Angleterre. Richelieu se rapproche aussi de Gustave-Adolphe, roi de Su\u00e8de et soutient les princes allemands, afin de lutter contre la volont\u00e9 d\u2019h\u00e9g\u00e9monie de la puissance Maison de Habsbourg. La politique \u00e9trang\u00e8re de Richelieu est incomprise, Pour le parti d\u00e9vot, ces alliances avec protestants sont un v\u00e9ritable coup de poignard dans le dos ! Richelieu est consid\u00e9r\u00e9 par ses adversaires comme un ant\u00e9christ.<\/p>\n<p style=\"text-align: justify\"><em>Pour ou contre les alliances pass\u00e9es par Richelieu avec les princes protestants ?<\/em><br \/>Les alliances que la France passe avec les princes protestants sont faites dans un but politique, afin de lutter contre la politique d\u2019expansion des Habsbourg, non pour des raisons religieuses. Mais la politique ext\u00e9rieure de Richelieu ne fait pas l\u2019unanimit\u00e9. L\u2019affaire de la Valteline, qui oppose en 1624-1625 la France et l&rsquo;Espagne, est tr\u00e8s controvers\u00e9e. Richelieu est accus\u00e9 par ses d\u00e9tracteurs de vouloir favoriser les Grisons protestants et de sacrifier les Valtelins catholiques. Il a contre lui \u00e0 la fois la Reine m\u00e8re, le parti d\u00e9vot et le Pape, qui soutiennent l\u2019Espagne, seule puissance capable \u00e0 leurs yeux de r\u00e9tablir l\u2019unit\u00e9 catholique de l\u2019Europe. Ses ennemis se d\u00e9cha\u00eenent contre lui et publient de nombreux libelles diffamatoires \u00e0 son encontre.<br \/>Pour les ultra catholiques, Richelieu est un imposteur, qui trafique avec les princes protestants. Sa politique ne met plus l\u2019Etat au service de l\u2019Eglise et cette situation malsaine entra\u00eene la subversion du royaume. Ils voudraient voir Richelieu s\u2019allier \u00e0 l\u2019Espagne pour entreprendre une nouvelle croisade contre les Turcs. Les guerres ont entra\u00een\u00e9 la mis\u00e8re du peuple, car la guerre de Trente Ans a \u00e9t\u00e9 tr\u00e8s destructrice. Les exactions furent nombreuses : massacres d\u2019innocents, viols, assassinats\u2026 Le peuple \u00e9tait pressur\u00e9 d\u2019imp\u00f4ts. Richelieu fut le souffre-douleur id\u00e9al, pr\u00e9sent\u00e9 comme le grand responsable de ce conflit confessionnel, d\u2019envergure pourtant europ\u00e9enne.<\/p>\n<p style=\"text-align: justify\"><strong>Richelieu tyran ou homme avant-gardiste ?<\/strong><br \/><em>La lutte contre les Grands<\/em><br \/>D\u00e9jouer les ambitions des grands, vivier de rivaux pour le roi, tel est le troisi\u00e8me point essentiel du programme politique de Richelieu pour redresser la situation de la France. Le cardinal-ministre pensait en effet que la plus grande menace pour le royaume venait de la rivalit\u00e9 des Grands. A cette \u00e9poque, l&rsquo;Etat est encore une monarchie f\u00e9odale. Le ministre de Louis XIII veut rompre avec ce lourd pass\u00e9 et ouvrir la voie de la modernit\u00e9. Mais pour les Grands, Richelieu est un tyran sanguinaire, destructeur de l\u2019ancienne soci\u00e9t\u00e9. Le fr\u00e8re du Roi, Gaston d\u2019Orl\u00e9ans, en est le chef de file. De nombreux complots sont foment\u00e9s contre le principal ministre, car sa politique g\u00eane les ambitions de certains Grands. Les tentatives d\u2019assassinat se sont r\u00e9p\u00e9t\u00e9es jusqu\u2019\u00e0 sa mort. De lourds ch\u00e2timents \u00e9taient r\u00e9serv\u00e9s aux conspirateurs : leurs charges \u00e9taient supprim\u00e9es et leurs ch\u00e2teaux d\u00e9truits, ou bien ils \u00e9taient exil\u00e9s. Richelieu a manqu\u00e9 de diplomatie en faisant d\u00e9capiter plusieurs Grands (le 19 ao\u00fbt 1626, Chalais, qui a projet\u00e9 d\u2019assassiner Richelieu, est ex\u00e9cut\u00e9 \u00e0 Nantes. Le 10 mai 1632, c\u2019est au tour du mar\u00e9chal Louis de Marillac, qui a \u00e9t\u00e9 un des acteurs de la journ\u00e9e des Dupes. Le 30 octobre 1632, le duc de Montmorency, qui a foment\u00e9 un complot avec l\u2019aide de Gaston d\u2019Orl\u00e9ans, est d\u00e9capit\u00e9 \u00e0 Toulouse. Le 12 septembre 1642, Cinq-Mars et de Thou sont ex\u00e9cut\u00e9s \u00e0 Lyon pour complicit\u00e9 avec l\u2019Espagne). Suite \u00e0 l\u2019arrestation d\u2019Henri de Montmorency, Gaston d\u2019Orl\u00e9ans r\u00e9dige un <em>Manifeste<\/em>, dans lequel il d\u00e9nonce \u00ab les pernicieux desseins du Cardinal \u00bb. Il lui reproche d\u2019usurper l\u2019autorit\u00e9 de Louis XIII, de le s\u00e9parer de sa famille et d\u2019avoir trop d\u2019ascendance sur lui\u2026<\/p>\n<p style=\"text-align: justify\"><em>Un grand\u00a0 ministre<\/em><br \/>Richelieu a \u00e9t\u00e9 sujet \u00e0 de multiples griefs, car sa volont\u00e9 de faire \u00e9voluer une soci\u00e9t\u00e9 encore f\u00e9odale dans de nombreux domaines a bouscul\u00e9 les traditions. Il est \u00e0 la charni\u00e8re de deux p\u00e9riodes, entre le 17e si\u00e8cle toujours tourn\u00e9 vers le pass\u00e9 et le si\u00e8cle des Lumi\u00e8res. Cette soci\u00e9t\u00e9 \u00e9tait bas\u00e9e sur des privil\u00e8ges, des codes et le sens de l\u2019honneur. La pens\u00e9e \u00e9tait fond\u00e9e sur les analogies et la croyance en les pr\u00e9sages\u2026 Un cadre rigide et archa\u00efque dont Richelieu a voulu se lib\u00e9rer pour mettre en place la pens\u00e9e moderne.<\/p>\n<p style=\"text-align: justify\">Mais sous l\u2019amoncellement des libelles diffamatoires qui furent r\u00e9dig\u00e9s \u00e0 son encontre, des t\u00e9moignages vantent au contraire ses qualit\u00e9s d\u2019homme d\u2019Etat. Les \u00e9crivains engag\u00e9s qui \u00e9taient \u00e0 son service, tel Jean de Silhon, ont laiss\u00e9 des t\u00e9moignages laudatifs qui vantent sa politique fond\u00e9e sur le Raison. Richelieu est d\u00e9crit comme un homme providentiel, le seul \u00e0 avoir su redresser la situation d\u00e9sastreuse de la France apr\u00e8s la mort d\u2019Henri IV. Il est compar\u00e9 \u00e0 Atlas, qui porte sur ses \u00e9paules le royaume de France. La politique de Richelieu fut soutenue par de nombreux th\u00e9oriciens de son \u00e9poque, favorables \u00e0 la monarchie absolue. Ainsi pour Philippe de B\u00e9thune, le ch\u00e2timent est parfois n\u00e9cessaire pour assurer la s\u00fbret\u00e9 de l\u2019Etat. La n\u00e9cessit\u00e9 \u00ab fait la loi \u00bb et les transgressions judiciaires sont n\u00e9cessaires pour assurer sa sauvegarde. Jean de Sirmond d\u00e9nonce l\u2019\u00e9gocentrisme des Grands, qui font passer leurs int\u00e9r\u00eats personnels avant ceux de l\u2019Etat. Ceux qui soutiennent le ministre de Louis XIII louent aussi l\u2019homme d\u2019Eglise, qui a mis concr\u00e8tement en \u0153uvre les r\u00e9formes du Concile de Trente.<\/p>\n<p style=\"text-align: justify\"><em>Richelieu homme de culture<\/em><br \/>Richelieu n\u2019\u00e9tait pas seulement homme d\u2019Etat et homme d\u2019Eglise. Il \u00e9tait aussi homme de culture. Il a su s\u2019entourer des plus grands ma\u00eetres de son temps pour embellir ses diff\u00e9rentes demeures (Palais Cardinal \u00e0 Paris, ch\u00e2teaux de Richelieu et de Rueil-Malmaison). La ville et le ch\u00e2teau de Richelieu formaient un programme architectural savant. Le ch\u00e2teau a \u00e9t\u00e9 d\u00e9truit au d\u00e9but du 19e si\u00e8cle par un marchand de biens, Alexandre Bontron. Il est toutefois bien connu gr\u00e2ce \u00e0 de nombreuses gravures et des plans. Si la ville \u00e9tait la vitrine du pouvoir, le ch\u00e2teau devait c\u00e9l\u00e9brer la grandeur de la monarchie fran\u00e7aise. La grande galerie, qui occupait l\u2019\u00e9tage de l\u2019aile nord, \u00e9tait tr\u00e8s novatrice pour l\u2019\u00e9poque. Longue de 70 m\u00e8tres, elle \u00e9tait orn\u00e9e de vingt tableaux qui \u00e9voquaient les grandes lignes de la politique de la France de 1627 \u00e0 1636. La monarchie fran\u00e7aise \u00e9tait ainsi montr\u00e9e triomphante de tous ses ennemis, \u00e0 la fois int\u00e9rieurs et ext\u00e9rieurs.<\/p>\n<p style=\"text-align: justify\">Dans plusieurs de ces tableaux, le Roi et son ministre \u00e9taient repr\u00e9sent\u00e9s ensemble, au premier plan. Richelieu appara\u00eet ainsi comme un \u00ab double \u00bb du Roi, cette association rappelant le pouvoir bic\u00e9phale qui les associait. Les grandes galeries \u00e9taient \u00e0 la Renaissance des espaces priv\u00e9s. Elles deviennent au 17e si\u00e8cle des lieux publics, qui ont pour finalit\u00e9 d\u2019exalter la gloire du commanditaire. Cette mise en sc\u00e8ne annonce celle de la galerie des Glaces \u00e0 Versailles, o\u00f9 l\u2019image de Louis XIV, c\u00e9l\u00e9brant ses victoires militaires, deviendra grandiose.<\/p>\n<p><img loading=\"lazy\" decoding=\"async\" class=\"alignleft size-medium wp-image-421\" src=\"http:\/\/mariepierre-terrien.com\/wp-content\/uploads\/2017\/11\/21.-1-Le-salon-et-la-grande-galerie-300x300.jpg\" alt=\"\" width=\"300\" height=\"300\" srcset=\"https:\/\/mariepierre-terrien.com\/wp-content\/uploads\/2017\/11\/21.-1-Le-salon-et-la-grande-galerie-300x300.jpg 300w, https:\/\/mariepierre-terrien.com\/wp-content\/uploads\/2017\/11\/21.-1-Le-salon-et-la-grande-galerie-250x250.jpg 250w, https:\/\/mariepierre-terrien.com\/wp-content\/uploads\/2017\/11\/21.-1-Le-salon-et-la-grande-galerie-100x100.jpg 100w, https:\/\/mariepierre-terrien.com\/wp-content\/uploads\/2017\/11\/21.-1-Le-salon-et-la-grande-galerie-350x350.jpg 350w, https:\/\/mariepierre-terrien.com\/wp-content\/uploads\/2017\/11\/21.-1-Le-salon-et-la-grande-galerie-150x150.jpg 150w, https:\/\/mariepierre-terrien.com\/wp-content\/uploads\/2017\/11\/21.-1-Le-salon-et-la-grande-galerie.jpg 700w\" sizes=\"auto, (max-width: 300px) 100vw, 300px\" \/><\/p>\n<p><em>Reconstitution virtuelle de la grande galerie du ch\u00e2teau de Richelieu (clich\u00e9 Mairie de Richelieu)<\/em><\/p>\n<p style=\"text-align: justify\">Richelieu pratiqua aussi une politique culturelle. En 1635, il cr\u00e9a l\u2019Acad\u00e9mie fran\u00e7aise, dont le but \u00e9tait de purifier la langue, afin d&rsquo;unifier le royaume. L\u2019Acad\u00e9mie de sa ville nouvelle dans le Poitou servait de relais. Dans cet \u00e9tablissement destin\u00e9 aux jeunes nobles de la r\u00e9gion, l\u2019enseignement se faisait en fran\u00e7ais et non en latin. Cette cit\u00e9 id\u00e9ale devait rayonner dans toute l\u2019Europe, accueillir les plus grands savants et les plus grands ma\u00eetres. Richelieu fit aussi reconstruire la Sorbonne, il accorda son soutien aux \u00e9crivains et aux artistes.\u00a0 A partir des ann\u00e9es 1630, il favorisa le Il d\u00e9veloppement du style classique, car il estimait que le baroque n&rsquo;\u00e9tait pas assez bien pour montrer la grandeur de la France, et pr\u00e9para ainsi l&rsquo;av\u00e8nement du Grand Si\u00e8cle. Son action plac\u00e9e sous le signe de la raison et sa capacit\u00e9 de travail hors normes lui ont permis d\u2019apporter une contribution d\u00e9terminante dans de multiples domaines.<\/p>\n<p>\u00a0\u00a9 Marie-Pierre Terrien<\/p>\n<p style=\"text-align: justify\"><strong>Pour en savoir plus :<\/strong><br \/>Marie-Pierre Terrien, <em>Richelieu vu par ses contemporains<\/em>, Editions Pays et Terroirs, 2014 et <em>Richelieu, le cardinal-*ministre, sa cit\u00e9 id\u00e9ale, son h\u00e9ritage<\/em>, Editions La Simarre, 2021.<\/p>\n\n<div class=\"wp-block-image\">\n<figure class=\"aligncenter size-large is-resized\"><img loading=\"lazy\" decoding=\"async\" src=\"https:\/\/mariepierre-terrien.com\/wp-content\/uploads\/2022\/04\/Fig.-13-Copie-9-1024x899.jpg\" alt=\"\" class=\"wp-image-8769\" width=\"512\" height=\"450\" srcset=\"https:\/\/mariepierre-terrien.com\/wp-content\/uploads\/2022\/04\/Fig.-13-Copie-9-1024x899.jpg 1024w, https:\/\/mariepierre-terrien.com\/wp-content\/uploads\/2022\/04\/Fig.-13-Copie-9-300x263.jpg 300w, https:\/\/mariepierre-terrien.com\/wp-content\/uploads\/2022\/04\/Fig.-13-Copie-9-768x674.jpg 768w, https:\/\/mariepierre-terrien.com\/wp-content\/uploads\/2022\/04\/Fig.-13-Copie-9-350x307.jpg 350w, https:\/\/mariepierre-terrien.com\/wp-content\/uploads\/2022\/04\/Fig.-13-Copie-9.jpg 1030w\" sizes=\"auto, (max-width: 512px) 100vw, 512px\" \/><\/figure>\n<\/div>","protected":false},"excerpt":{"rendered":"<p>Qui \u00e9tait le cardinal de Richelieu\u00a0? Lorsque le cardinal de Richelieu entre au Conseil du Roi en 1624, sa t\u00e2che s\u2019annonce difficile. Pour redresser la situation en France et restaurer la grandeur de la monarchie fran\u00e7aise, il doit se battre sur tous les fronts. Il promet \u00e0 Louis XIII de mettre tout en \u0153uvre pour &hellip; <\/p>\n<p class=\"link-more\"><a href=\"https:\/\/mariepierre-terrien.com\/index.php\/le-cardinal-de-richelieu\/\" class=\"more-link\">Continuer la lecture<span class=\"screen-reader-text\"> de &laquo;&nbsp;Le cardinal de Richelieu (1585-1642)&nbsp;&raquo;<\/span><\/a><\/p>\n","protected":false},"author":2,"featured_media":0,"parent":0,"menu_order":0,"comment_status":"closed","ping_status":"closed","template":"","meta":{"footnotes":""},"class_list":["post-405","page","type-page","status-publish","hentry"],"_links":{"self":[{"href":"https:\/\/mariepierre-terrien.com\/index.php\/wp-json\/wp\/v2\/pages\/405","targetHints":{"allow":["GET"]}}],"collection":[{"href":"https:\/\/mariepierre-terrien.com\/index.php\/wp-json\/wp\/v2\/pages"}],"about":[{"href":"https:\/\/mariepierre-terrien.com\/index.php\/wp-json\/wp\/v2\/types\/page"}],"author":[{"embeddable":true,"href":"https:\/\/mariepierre-terrien.com\/index.php\/wp-json\/wp\/v2\/users\/2"}],"replies":[{"embeddable":true,"href":"https:\/\/mariepierre-terrien.com\/index.php\/wp-json\/wp\/v2\/comments?post=405"}],"version-history":[{"count":22,"href":"https:\/\/mariepierre-terrien.com\/index.php\/wp-json\/wp\/v2\/pages\/405\/revisions"}],"predecessor-version":[{"id":8843,"href":"https:\/\/mariepierre-terrien.com\/index.php\/wp-json\/wp\/v2\/pages\/405\/revisions\/8843"}],"wp:attachment":[{"href":"https:\/\/mariepierre-terrien.com\/index.php\/wp-json\/wp\/v2\/media?parent=405"}],"curies":[{"name":"wp","href":"https:\/\/api.w.org\/{rel}","templated":true}]}}