{"id":338,"date":"2017-11-23T17:21:16","date_gmt":"2017-11-23T16:21:16","guid":{"rendered":"http:\/\/mariepierre-terrien.com\/?page_id=338"},"modified":"2023-01-17T17:18:34","modified_gmt":"2023-01-17T16:18:34","slug":"la-sainte-chapelle-de-champigny","status":"publish","type":"page","link":"https:\/\/mariepierre-terrien.com\/index.php\/la-sainte-chapelle-de-champigny\/","title":{"rendered":"La Sainte-Chapelle de Champigny"},"content":{"rendered":"<div class=\"wp-block-image\">\n<figure class=\"aligncenter\"><img loading=\"lazy\" decoding=\"async\" width=\"1024\" height=\"1005\" src=\"http:\/\/mariepierre-terrien.com\/wp-content\/uploads\/2017\/11\/4.-Ecrin-qui-abrite-les-reliques-Bourbons-Annoncer-le-plan-1024x1005.jpg\" alt=\"\" class=\"wp-image-354\" srcset=\"https:\/\/mariepierre-terrien.com\/wp-content\/uploads\/2017\/11\/4.-Ecrin-qui-abrite-les-reliques-Bourbons-Annoncer-le-plan-1024x1005.jpg 1024w, https:\/\/mariepierre-terrien.com\/wp-content\/uploads\/2017\/11\/4.-Ecrin-qui-abrite-les-reliques-Bourbons-Annoncer-le-plan-350x344.jpg 350w, https:\/\/mariepierre-terrien.com\/wp-content\/uploads\/2017\/11\/4.-Ecrin-qui-abrite-les-reliques-Bourbons-Annoncer-le-plan-300x294.jpg 300w, https:\/\/mariepierre-terrien.com\/wp-content\/uploads\/2017\/11\/4.-Ecrin-qui-abrite-les-reliques-Bourbons-Annoncer-le-plan-768x754.jpg 768w, https:\/\/mariepierre-terrien.com\/wp-content\/uploads\/2017\/11\/4.-Ecrin-qui-abrite-les-reliques-Bourbons-Annoncer-le-plan.jpg 1032w\" sizes=\"auto, (max-width: 767px) 89vw, (max-width: 1000px) 54vw, (max-width: 1071px) 543px, 580px\" \/><\/figure>\n<\/div>\n\n\n<p><em>&nbsp;&nbsp;&nbsp;&nbsp;&nbsp;&nbsp; Int\u00e9rieur de la Sainte-Chapelle de Champigny-sur-Veude<\/em> (clich\u00e9 MP Terrien)<\/p>\n\n\n\n<p><strong><em>&nbsp;La Sainte-Chapelle de Champigny-sur-Veude : un lieu charg\u00e9 d&rsquo;histoire&nbsp;&nbsp;&nbsp;&nbsp; <\/em><\/strong>Au cours des si\u00e8cles, la forteresse m\u00e9di\u00e9vale de Champigny-sur-Veude a appartenu \u00e0 plusieurs familles illustres, dont les Beauvau, grande famille d\u2019Anjou. Elle devient la propri\u00e9t\u00e9 des Bourbons au XVe si\u00e8cle, par le mariage d\u2019Isabelle de Beauvau et de Jean de Bourbon. Au retour de l\u2019exp\u00e9dition de Naples en 1495, leur fils Louis Ier de Bourbon, \u00e9merveill\u00e9 par la Renaissance italienne, d\u00e9cide de transformer la demeure m\u00e9di\u00e9vale en un somptueux logis. Il y \u00e9tablit aussi une coll\u00e9giale, dont la fondation est confirm\u00e9e en 1499 par une bulle du pape Alexandre VI. En 1507, il en consolide l\u2019institution, en \u00e9tablissant un corps de statuts en 252 articles, destin\u00e9s \u00e0 r\u00e9gler son fonctionnement.<br>Louis Ier de Bourbon meurt en 1520. De son mariage \u00e0 Moulins en 1504 avec Louise Bourbon-Montpensier est n\u00e9 un h\u00e9ritier, Louis II de Bourbon (1513-1582). C\u2019est lui qui va poursuivre les travaux d\u00e9cid\u00e9s par son p\u00e8re. Le magnifique ch\u00e2teau et sa chapelle sont achev\u00e9s en 1545. En 1625, cet ensemble passe aux mains de Gaston d\u2019Orl\u00e9ans, suite \u00e0 son mariage avec Marie de Bourbon. Dix ans plus tard, le ch\u00e2teau est d\u00e9truit sur ordre du cardinal de Richelieu, en repr\u00e9sailles des nombreux complots foment\u00e9s contre lui par le fr\u00e8re de Louis XIII. Il subsiste toutefois de cet ensemble les somptueux communs, restaur\u00e9s par la Grande Mademoiselle.<\/p>\n\n\n\n<p><em><strong>Une Sainte-Chapelle, \u00e0 l\u2019image de la Sainte-Chapelle de Paris<\/strong><\/em><br>La chapelle devait \u00e9galement \u00eatre d\u00e9truite. Elle a pu \u00eatre sauv\u00e9e gr\u00e2ce \u00e0 l\u2019intervention du pape Urbain VIII. En effet, elle fait partie de la famille restreinte des Saintes-Chapelles cap\u00e9tiennes, qui furent fond\u00e9es par Saint-Louis ou ses descendants. Cadre d\u2019une comm\u00e9moration dynastique, ces \u00e9difices visaient \u00e0 magnifier la puissance de la famille fondatrice et sont d\u00e9cor\u00e9s \u00e0 profusion d\u2019armoiries, d\u2019embl\u00e8mes h\u00e9raldiques et de devises. Toutefois, une Sainte-Chapelle n\u2019est pas une chapelle princi\u00e8re ordinaire. Elle est un \u00e9crin, qui abrite des reliques de la Passion. Celle de Champigny poss\u00e9dait notamment un morceau de la Vraie Croix et une \u00e9pine de la Couronne du Christ, reliques qui furent d\u00e9truites \u00e0 la R\u00e9volution.<br>Construite sur le mod\u00e8le architectural de la Sainte-Chapelle de Paris, elle est un exemple d\u2019architecture \u00e0 la fois gothique et Renaissance. Edifi\u00e9e dans la premi\u00e8re moiti\u00e9 du XVIe si\u00e8cle, elle appara\u00eet comme un \u00e9difice hybride, \u00e0 la charni\u00e8re du Moyen Age et de la Renaissance. La chapelle proprement dite (25 x 9 m) est de style ogival. Les puissants contreforts sont typiques de l\u2019architecture gothique. Mais les colonnettes qui en adoucissent les angles et la d\u00e9coration raffin\u00e9e qui parcourt l\u2019\u00e9difice montrent l\u2019influence de la Renaissance italienne.<\/p>\n\n\n\n<p>Son portique d\u2019entr\u00e9e, trait\u00e9 comme un arc de triomphe, est un remarquable t\u00e9moignage de la r\u00e9surgence des formes gr\u00e9co-romaines vers 1540. Il est couronn\u00e9 par un entablement, richement d\u00e9cor\u00e9 des embl\u00e8mes des Bourbons. Cette influence des formes antiques n\u2019\u00e9tait pas rare en Italie ou m\u00eame dans la r\u00e9gion parisienne. En revanche, dans le Pays de Richelieu, cet exemple est exceptionnel. Nous ne connaissons pas le nom du ma\u00eetre d\u2019\u0153uvre qui a ex\u00e9cut\u00e9 ce p\u00e9ristyle d\u2019entr\u00e9e, mais il est possible que Louis II ait fait venir des architectes et des sculpteurs d\u2019Italie, ou tout du moins des artistes qui connaissaient bien les innovations architecturales de la Renaissance&#8230;<\/p>\n\n\n<div class=\"wp-block-image\">\n<figure class=\"aligncenter\"><img loading=\"lazy\" decoding=\"async\" width=\"686\" height=\"1024\" src=\"http:\/\/mariepierre-terrien.com\/wp-content\/uploads\/2017\/11\/15.-Chapelle-Saint-Louis-portique-dentr\u00e9e-686x1024.jpg\" alt=\"\" class=\"wp-image-370\" srcset=\"https:\/\/mariepierre-terrien.com\/wp-content\/uploads\/2017\/11\/15.-Chapelle-Saint-Louis-portique-dentr\u00e9e-686x1024.jpg 686w, https:\/\/mariepierre-terrien.com\/wp-content\/uploads\/2017\/11\/15.-Chapelle-Saint-Louis-portique-dentr\u00e9e-350x523.jpg 350w, https:\/\/mariepierre-terrien.com\/wp-content\/uploads\/2017\/11\/15.-Chapelle-Saint-Louis-portique-dentr\u00e9e-201x300.jpg 201w, https:\/\/mariepierre-terrien.com\/wp-content\/uploads\/2017\/11\/15.-Chapelle-Saint-Louis-portique-dentr\u00e9e-768x1147.jpg 768w, https:\/\/mariepierre-terrien.com\/wp-content\/uploads\/2017\/11\/15.-Chapelle-Saint-Louis-portique-dentr\u00e9e.jpg 1232w\" sizes=\"auto, (max-width: 686px) 100vw, 686px\" \/><\/figure>\n<\/div>\n\n\n<p><em>&nbsp;&nbsp;&nbsp;&nbsp;&nbsp;&nbsp;&nbsp;&nbsp;&nbsp;&nbsp;&nbsp;&nbsp;&nbsp;&nbsp;&nbsp;&nbsp;&nbsp;&nbsp;&nbsp;&nbsp;&nbsp;&nbsp;&nbsp; La Sainte-Chapelle de Champigny, vue du portique d&rsquo;entr\u00e9e<\/em><\/p>\n\n\n\n<p><em><strong>Les plus beaux vitraux Renaissance de France<\/strong><\/em><br>L\u2019\u00e9difice est orn\u00e9 de onze verri\u00e8res, hautes de plus de 8 m\u00e8tres et larges de 3,50 m. La profondeur des bleus, le velout\u00e9 des rouges et des bruns, ou encore la lumi\u00e8re des ors, qui ornent les v\u00eatements, font la r\u00e9putation de ces vitraux. Ils sont reconnus par les sp\u00e9cialistes du vitrail comme les plus beaux vitraux Renaissance de France. La plupart des Saintes-Chapelles ont subi les vicissitudes du temps et pr\u00e9sentent des programmes tr\u00e8s incomplets. Au contraire \u00e0 Champigny, il forme un ensemble remarquablement conserv\u00e9, car les verri\u00e8res ont \u00e9t\u00e9 d\u00e9pos\u00e9es et cach\u00e9es \u00e0 la R\u00e9volution, ainsi que durant la deuxi\u00e8me guerre mondiale.<br>Ces vitraux ne sont pas constitu\u00e9s de multiples \u00e9pisodes juxtapos\u00e9s et superpos\u00e9s comme dans les vitraux du Moyen- Age, mais constituent de v\u00e9ritables tableaux trait\u00e9s en perspective. Ils forment un espace unifi\u00e9, qui ne tient pas compte des meneaux de pierre, et portent l&#8217;empreinte de&nbsp; la Renaissance italienne : le point de fuite central, le contraste des couleurs, la perspective a\u00e9rienne et la composition tr\u00e8s g\u00e9om\u00e9trique rappellent la peinture de L\u00e9onard de Vinci ou de Rapha\u00ebl.<\/p>\n\n\n<div class=\"wp-block-image\">\n<figure class=\"alignleft\"><img loading=\"lazy\" decoding=\"async\" width=\"203\" height=\"300\" src=\"http:\/\/mariepierre-terrien.com\/wp-content\/uploads\/2017\/11\/58.-Education-du-roi-d\u00e9tail-203x300.jpg\" alt=\"\" class=\"wp-image-413\" srcset=\"https:\/\/mariepierre-terrien.com\/wp-content\/uploads\/2017\/11\/58.-Education-du-roi-d\u00e9tail-203x300.jpg 203w, https:\/\/mariepierre-terrien.com\/wp-content\/uploads\/2017\/11\/58.-Education-du-roi-d\u00e9tail-350x518.jpg 350w, https:\/\/mariepierre-terrien.com\/wp-content\/uploads\/2017\/11\/58.-Education-du-roi-d\u00e9tail.jpg 614w\" sizes=\"auto, (max-width: 203px) 100vw, 203px\" \/><\/figure>\n<\/div>\n\n<div class=\"wp-block-image\">\n<figure class=\"alignleft\"><img loading=\"lazy\" decoding=\"async\" width=\"203\" height=\"300\" src=\"http:\/\/mariepierre-terrien.com\/wp-content\/uploads\/2017\/11\/64.-Saint-Louis-203x300.jpg\" alt=\"\" class=\"wp-image-414\" srcset=\"https:\/\/mariepierre-terrien.com\/wp-content\/uploads\/2017\/11\/64.-Saint-Louis-203x300.jpg 203w, https:\/\/mariepierre-terrien.com\/wp-content\/uploads\/2017\/11\/64.-Saint-Louis-350x518.jpg 350w, https:\/\/mariepierre-terrien.com\/wp-content\/uploads\/2017\/11\/64.-Saint-Louis-768x1137.jpg 768w, https:\/\/mariepierre-terrien.com\/wp-content\/uploads\/2017\/11\/64.-Saint-Louis-692x1024.jpg 692w, https:\/\/mariepierre-terrien.com\/wp-content\/uploads\/2017\/11\/64.-Saint-Louis.jpg 1228w\" sizes=\"auto, (max-width: 203px) 100vw, 203px\" \/><\/figure>\n<\/div>\n\n<div class=\"wp-block-image\">\n<figure class=\"alignleft is-resized\"><img loading=\"lazy\" decoding=\"async\" src=\"http:\/\/mariepierre-terrien.com\/wp-content\/uploads\/2017\/11\/121.-Verri\u00e8re-centrale-273x300.jpg\" alt=\"\" class=\"wp-image-417\" width=\"420\" height=\"462\" srcset=\"https:\/\/mariepierre-terrien.com\/wp-content\/uploads\/2017\/11\/121.-Verri\u00e8re-centrale-273x300.jpg 273w, https:\/\/mariepierre-terrien.com\/wp-content\/uploads\/2017\/11\/121.-Verri\u00e8re-centrale-350x385.jpg 350w, https:\/\/mariepierre-terrien.com\/wp-content\/uploads\/2017\/11\/121.-Verri\u00e8re-centrale-768x844.jpg 768w, https:\/\/mariepierre-terrien.com\/wp-content\/uploads\/2017\/11\/121.-Verri\u00e8re-centrale.jpg 787w\" sizes=\"auto, (max-width: 420px) 100vw, 420px\" \/><\/figure>\n<\/div>\n\n\n<p><em>D\u00e9tails des verri\u00e8res de Champigny-sur-Veude  (clich\u00e9s MP Terrien) : \u00e9ducation de Saint Louis,<\/em> <em>Translation des reliques de la Passion et Passion du Christ<\/em>.<\/p>\n\n\n\n<p><\/p>\n\n\n\n<p><\/p>\n\n\n\n<p>Ces vitraux ont \u00e9t\u00e9 en partie r\u00e9alis\u00e9s \u00e0 l\u2019occasion du mariage de Louis II de Bourbon et de Jacquette de Longwy, c\u00e9l\u00e9br\u00e9 en 1538. L\u2019oncle de Jaquette, Claude de Longwy, \u00e9v\u00eaque de Langres en 1529 et cardinal de Givry en 1533, v\u00e9ritable m\u00e9c\u00e8ne, est le donateur de ce prestigieux cadeau de mariage et de ce programme tr\u00e8s abouti, inspir\u00e9 de celui de la prestigieuse Sainte-Chapelle de Paris.<\/p>\n\n\n\n<p><\/p>\n\n\n<div class=\"wp-block-image\">\n<figure class=\"aligncenter\"><img loading=\"lazy\" decoding=\"async\" width=\"692\" height=\"1024\" src=\"http:\/\/mariepierre-terrien.com\/wp-content\/uploads\/2017\/11\/000002-692x1024.jpg\" alt=\"\" class=\"wp-image-371\" srcset=\"https:\/\/mariepierre-terrien.com\/wp-content\/uploads\/2017\/11\/000002-692x1024.jpg 692w, https:\/\/mariepierre-terrien.com\/wp-content\/uploads\/2017\/11\/000002-350x518.jpg 350w, https:\/\/mariepierre-terrien.com\/wp-content\/uploads\/2017\/11\/000002-203x300.jpg 203w, https:\/\/mariepierre-terrien.com\/wp-content\/uploads\/2017\/11\/000002-768x1137.jpg 768w, https:\/\/mariepierre-terrien.com\/wp-content\/uploads\/2017\/11\/000002.jpg 1228w\" sizes=\"auto, (max-width: 692px) 100vw, 692px\" \/><\/figure>\n<\/div>\n\n\n<p><em>Sainte-Chapelle de Champigny, la cinqui\u00e8me verri\u00e8re<\/em><\/p>\n\n\n\n<p>Les verri\u00e8res sont divis\u00e9es en trois registres superpos\u00e9s. Dans le soubassement sont repr\u00e9sent\u00e9s les descendants de Saint Louis, dans une mise en sc\u00e8ne th\u00e9\u00e2trale et ostentatoire, qui vise \u00e0 glorifier cette puissante famille. Les Saintes-Chapelles servent en effet de cadre \u00e0 une c\u00e9l\u00e9bration dynastique. Dans les deux autres registres, une sc\u00e8ne unique occupe toute la baie. Le registre central, le plus important, est une \u00e9vocation de la vie de Saint Louis, depuis son sacre \u00e0 Reims le 29 novembre 1226 jusqu\u2019\u00e0 sa mort \u00e0 Tunis le 25 ao\u00fbt 1270. Il s\u2019agit d\u2019une repr\u00e9sentation id\u00e9alis\u00e9e, qui rappelle que l\u2019anc\u00eatre de cette puissante lign\u00e9e \u00e9tait \u00e0 la fois roi et saint. Ces vitraux soulignent la pi\u00e9t\u00e9 et l\u2019humilit\u00e9 du roi et \u00e9voquent les deux croisades qu\u2019il organise en 1248 et 1270. Saint Louis est par ailleurs mis en parall\u00e8le avec le Christ, dont la Passion est repr\u00e9sent\u00e9e dans le tympan, depuis l\u2019agonie au Jardin des Oliviers jusqu\u2019\u00e0 la Pentec\u00f4te.<br>Ces vitraux reprennent les th\u00e8mes iconographiques conjoints de la Sainte-Chapelle de Paris : la r\u00e9f\u00e9rence \u00e0 l\u2019Ancien Testament et la concordance des deux Lois, l\u2019histoire des reliques de la Passion, l\u2019Apocalypse. Enrichi par les sources humanistes de la Renaissance, le portrait de Saint Louis v\u00e9hicule en plus un message bien sp\u00e9cifique : il glorifie les hauts faits de Louis Ier de Bourbon, fondateur de la Sainte-Chapelle de Champigny, qui lui a l\u00e9gu\u00e9 des reliques de la Passion.<\/p>\n\n\n\n<p>La Sainte-Chapelle de Champigny est une des merveilles du Pays de Richelieu. Malgr\u00e9 ses remarquables vitraux, cet \u00e9difice exceptionnel reste m\u00e9connu.<\/p>\n\n\n\n<p> \u00a9 Marie-Pierre Terrien<\/p>\n\n\n\n<p><strong>Pour en savoir plus<\/strong> :<br>Marie-Pierre Terrien, <em>Images de Saint Louis dans les vitraux de Champigny-sur-Veude<\/em>, Cholet, Pays et Terroirs, 2007.<\/p>\n\n\n\n<p>Marie-Pierre Terrien, \u00ab La Sainte-Chapelle de Champigny-sur-Veude et le r\u00f4le du cardinal de Givry \u00bb, <em>in<\/em>&nbsp;: <em>Les chapelles royales. De la gloire de Dieu \u00e0 la gloire du prince<\/em>, Actes du colloque de Lun\u00e9ville, CTHS, 2015,&nbsp; p. 37- 47.<\/p>\n\n\n<div class=\"wp-block-image\">\n<figure class=\"aligncenter size-large is-resized\"><img loading=\"lazy\" decoding=\"async\" src=\"https:\/\/mariepierre-terrien.com\/wp-content\/uploads\/2022\/04\/Fig.-13-Copie-15-1024x899.jpg\" alt=\"\" class=\"wp-image-8783\" width=\"512\" height=\"450\" srcset=\"https:\/\/mariepierre-terrien.com\/wp-content\/uploads\/2022\/04\/Fig.-13-Copie-15-1024x899.jpg 1024w, https:\/\/mariepierre-terrien.com\/wp-content\/uploads\/2022\/04\/Fig.-13-Copie-15-300x263.jpg 300w, https:\/\/mariepierre-terrien.com\/wp-content\/uploads\/2022\/04\/Fig.-13-Copie-15-768x674.jpg 768w, https:\/\/mariepierre-terrien.com\/wp-content\/uploads\/2022\/04\/Fig.-13-Copie-15-350x307.jpg 350w, https:\/\/mariepierre-terrien.com\/wp-content\/uploads\/2022\/04\/Fig.-13-Copie-15.jpg 1030w\" sizes=\"auto, (max-width: 512px) 100vw, 512px\" \/><\/figure>\n<\/div>","protected":false},"excerpt":{"rendered":"<p>&nbsp;&nbsp;&nbsp;&nbsp;&nbsp;&nbsp; Int\u00e9rieur de la Sainte-Chapelle de Champigny-sur-Veude (clich\u00e9 MP Terrien) &nbsp;La Sainte-Chapelle de Champigny-sur-Veude : un lieu charg\u00e9 d&rsquo;histoire&nbsp;&nbsp;&nbsp;&nbsp; Au cours des si\u00e8cles, la forteresse m\u00e9di\u00e9vale de Champigny-sur-Veude a appartenu \u00e0 plusieurs familles illustres, dont les Beauvau, grande famille d\u2019Anjou. Elle devient la propri\u00e9t\u00e9 des Bourbons au XVe si\u00e8cle, par le mariage d\u2019Isabelle de Beauvau &hellip; <\/p>\n<p class=\"link-more\"><a href=\"https:\/\/mariepierre-terrien.com\/index.php\/la-sainte-chapelle-de-champigny\/\" class=\"more-link\">Continuer la lecture<span class=\"screen-reader-text\"> de &laquo;&nbsp;La Sainte-Chapelle de Champigny&nbsp;&raquo;<\/span><\/a><\/p>\n","protected":false},"author":2,"featured_media":0,"parent":0,"menu_order":0,"comment_status":"closed","ping_status":"closed","template":"","meta":{"footnotes":""},"class_list":["post-338","page","type-page","status-publish","hentry"],"_links":{"self":[{"href":"https:\/\/mariepierre-terrien.com\/index.php\/wp-json\/wp\/v2\/pages\/338","targetHints":{"allow":["GET"]}}],"collection":[{"href":"https:\/\/mariepierre-terrien.com\/index.php\/wp-json\/wp\/v2\/pages"}],"about":[{"href":"https:\/\/mariepierre-terrien.com\/index.php\/wp-json\/wp\/v2\/types\/page"}],"author":[{"embeddable":true,"href":"https:\/\/mariepierre-terrien.com\/index.php\/wp-json\/wp\/v2\/users\/2"}],"replies":[{"embeddable":true,"href":"https:\/\/mariepierre-terrien.com\/index.php\/wp-json\/wp\/v2\/comments?post=338"}],"version-history":[{"count":29,"href":"https:\/\/mariepierre-terrien.com\/index.php\/wp-json\/wp\/v2\/pages\/338\/revisions"}],"predecessor-version":[{"id":8840,"href":"https:\/\/mariepierre-terrien.com\/index.php\/wp-json\/wp\/v2\/pages\/338\/revisions\/8840"}],"wp:attachment":[{"href":"https:\/\/mariepierre-terrien.com\/index.php\/wp-json\/wp\/v2\/media?parent=338"}],"curies":[{"name":"wp","href":"https:\/\/api.w.org\/{rel}","templated":true}]}}