{"id":255,"date":"2017-10-24T11:02:51","date_gmt":"2017-10-24T09:02:51","guid":{"rendered":"http:\/\/mariepierre-terrien.com\/?page_id=255"},"modified":"2022-05-22T06:57:44","modified_gmt":"2022-05-22T04:57:44","slug":"cours-dispenses","status":"publish","type":"page","link":"https:\/\/mariepierre-terrien.com\/index.php\/a-propos-de\/cours-dispenses\/","title":{"rendered":"Cours dispens\u00e9s"},"content":{"rendered":"<p><strong>Marie-Pierre Terrien, docteur en histoire, auteur d&rsquo;une th\u00e8se sur les d\u00e9buts du christianisme. <\/strong> <strong>Enseignement dispens\u00e9\u00a0 \u00e0 l&rsquo;Universit\u00e9 du Maine, Le Mans <\/strong>(1996-2016) :<strong><br \/>\n<\/strong><\/p>\n<ul>\n<li>Histoire de l&rsquo;Art des mondes grec et romain, des origines au IIIe s. ap. JC., ax\u00e9e sur les ph\u00e9nom\u00e8nes d\u2019acculturation et de syncr\u00e9tisme dans le monde m\u00e9diterran\u00e9en<\/li>\n<li>Iconographie gr\u00e9co-romaine : analyse des images comme outils de l\u2019histoire et \u00e9tude des rapports textes\/images<\/li>\n<li>Histoire de l&rsquo;Antiquit\u00e9 grecque<\/li>\n<li>\u00a0Histoire de l&rsquo;Antiquit\u00e9 romaine<\/li>\n<li>Histoire de l&rsquo;Art \u00e9gyptien<\/li>\n<\/ul>\n","protected":false},"excerpt":{"rendered":"<p>Marie-Pierre Terrien, docteur en histoire, auteur d&rsquo;une th\u00e8se sur les d\u00e9buts du christianisme. Enseignement dispens\u00e9\u00a0 \u00e0 l&rsquo;Universit\u00e9 du Maine, Le Mans (1996-2016) : Histoire de l&rsquo;Art des mondes grec et romain, des origines au IIIe s. ap. JC., ax\u00e9e sur les ph\u00e9nom\u00e8nes d\u2019acculturation et de syncr\u00e9tisme dans le monde m\u00e9diterran\u00e9en Iconographie gr\u00e9co-romaine : analyse des &hellip; <\/p>\n<p class=\"link-more\"><a href=\"https:\/\/mariepierre-terrien.com\/index.php\/a-propos-de\/cours-dispenses\/\" class=\"more-link\">Continuer la lecture<span class=\"screen-reader-text\"> de &laquo;&nbsp;Cours dispens\u00e9s&nbsp;&raquo;<\/span><\/a><\/p>\n","protected":false},"author":1,"featured_media":0,"parent":18,"menu_order":0,"comment_status":"closed","ping_status":"closed","template":"","meta":{"footnotes":""},"class_list":["post-255","page","type-page","status-publish","hentry"],"_links":{"self":[{"href":"https:\/\/mariepierre-terrien.com\/index.php\/wp-json\/wp\/v2\/pages\/255","targetHints":{"allow":["GET"]}}],"collection":[{"href":"https:\/\/mariepierre-terrien.com\/index.php\/wp-json\/wp\/v2\/pages"}],"about":[{"href":"https:\/\/mariepierre-terrien.com\/index.php\/wp-json\/wp\/v2\/types\/page"}],"author":[{"embeddable":true,"href":"https:\/\/mariepierre-terrien.com\/index.php\/wp-json\/wp\/v2\/users\/1"}],"replies":[{"embeddable":true,"href":"https:\/\/mariepierre-terrien.com\/index.php\/wp-json\/wp\/v2\/comments?post=255"}],"version-history":[{"count":10,"href":"https:\/\/mariepierre-terrien.com\/index.php\/wp-json\/wp\/v2\/pages\/255\/revisions"}],"predecessor-version":[{"id":8795,"href":"https:\/\/mariepierre-terrien.com\/index.php\/wp-json\/wp\/v2\/pages\/255\/revisions\/8795"}],"up":[{"embeddable":true,"href":"https:\/\/mariepierre-terrien.com\/index.php\/wp-json\/wp\/v2\/pages\/18"}],"wp:attachment":[{"href":"https:\/\/mariepierre-terrien.com\/index.php\/wp-json\/wp\/v2\/media?parent=255"}],"curies":[{"name":"wp","href":"https:\/\/api.w.org\/{rel}","templated":true}]}}