{"id":21,"date":"2017-09-23T13:06:56","date_gmt":"2017-09-23T11:06:56","guid":{"rendered":"http:\/\/mariepierre-terrien.com\/?page_id=21"},"modified":"2024-12-21T14:20:47","modified_gmt":"2024-12-21T13:20:47","slug":"une-section-de-page-daccueil","status":"publish","type":"page","link":"https:\/\/mariepierre-terrien.com\/index.php\/une-section-de-page-daccueil\/","title":{"rendered":"Conf\u00e9rences propos\u00e9es"},"content":{"rendered":"<h1 style=\"text-align: center\"><strong>Conf\u00e9rences propos\u00e9es par Marie-Pierre Terrien<\/strong><\/h1>\n<ul>\n<li>Histoire de la ville de Richelieu, des origines \u00e0 nos jours<\/li>\n<li>Le ch\u00e2teau de Richelieu au si\u00e8cle des Lumi\u00e8res<\/li>\n<li>Le cardinal de Richelieu vu par ses contemporains<\/li>\n<li>Le cardinal de Richelieu vu par les hommes des Lumi\u00e8res<\/li>\n<li>Le cardinal de Richelieu vu par Alexandre Dumas<\/li>\n<li>Le cardinal de Richelieu, agent de la Contre-R\u00e9forme catholique<\/li>\n<li>Le renouveau des arts \u00e0 l\u2019\u00e9poque de Richelieu<\/li>\n<li>La grande galerie du ch\u00e2teau de Richelieu<\/li>\n<li>Le r\u00f4le de Vincent de Paul \u00e0 Richelieu<\/li>\n<li>L\u2019\u00e9glise Notre-Dame de Richelieu<\/li>\n<li>Le cardinal de Mazarin, continuateur de l&rsquo;oeuvre de Richelieu<\/li>\n<li>La place de Champigny-sur-Veude parmi les autres Saintes Chapelles<\/li>\n<li>Chinon et les ducs de Richelieu<\/li>\n<\/ul>\n<p><img loading=\"lazy\" decoding=\"async\" class=\"alignright size-medium wp-image-245\" src=\"http:\/\/mariepierre-terrien.com\/wp-content\/uploads\/2017\/09\/1.-300x251.jpg\" alt=\"\" width=\"300\" height=\"251\" srcset=\"https:\/\/mariepierre-terrien.com\/wp-content\/uploads\/2017\/09\/1.-300x251.jpg 300w, https:\/\/mariepierre-terrien.com\/wp-content\/uploads\/2017\/09\/1.-350x293.jpg 350w, https:\/\/mariepierre-terrien.com\/wp-content\/uploads\/2017\/09\/1.-768x642.jpg 768w, https:\/\/mariepierre-terrien.com\/wp-content\/uploads\/2017\/09\/1.-1024x856.jpg 1024w, https:\/\/mariepierre-terrien.com\/wp-content\/uploads\/2017\/09\/1..jpg 1857w\" sizes=\"auto, (max-width: 300px) 100vw, 300px\" \/><\/p>\n<ul>\n<li>\u00ab\u00a0<em>Samedi dernier, en fin de journ\u00e9e, la salle du mus\u00e9e affichait complet pour la conf\u00e9rence de Marie-Pierre Terrien, historienne, sp\u00e9cialiste de Richelieu. L&rsquo;intervenante, s&rsquo;appuyant sur nombre de documents, a apport\u00e9 son \u00e9clairage sur le r\u00f4le du cardinal dans le renouveau des arts, en France, au d\u00e9but du XVIIe si\u00e8cle. Elle a expliqu\u00e9 comment, apr\u00e8s les guerres de religion, Richelieu avait construit une politique, \u00e0 orientation classique, visant \u00e0 faire de la France, une grande puissance culturelle\u2009: \u00e9changes avec l&rsquo;Italie, retour d&rsquo;artistes exil\u00e9s (Poussin, Vouet)\u00a0\u00bb<\/em>\u2026 (<em>Nouvelle R\u00e9publique<\/em>, 18 juillet 2017)<\/li>\n<\/ul>\n","protected":false},"excerpt":{"rendered":"<p>Conf\u00e9rences propos\u00e9es par Marie-Pierre Terrien Histoire de la ville de Richelieu, des origines \u00e0 nos jours Le ch\u00e2teau de Richelieu au si\u00e8cle des Lumi\u00e8res Le cardinal de Richelieu vu par ses contemporains Le cardinal de Richelieu vu par les hommes des Lumi\u00e8res Le cardinal de Richelieu vu par Alexandre Dumas Le cardinal de Richelieu, agent &hellip; <\/p>\n<p class=\"link-more\"><a href=\"https:\/\/mariepierre-terrien.com\/index.php\/une-section-de-page-daccueil\/\" class=\"more-link\">Continuer la lecture<span class=\"screen-reader-text\"> de &laquo;&nbsp;Conf\u00e9rences propos\u00e9es&nbsp;&raquo;<\/span><\/a><\/p>\n","protected":false},"author":1,"featured_media":0,"parent":0,"menu_order":0,"comment_status":"closed","ping_status":"closed","template":"","meta":{"footnotes":""},"class_list":["post-21","page","type-page","status-publish","hentry"],"_links":{"self":[{"href":"https:\/\/mariepierre-terrien.com\/index.php\/wp-json\/wp\/v2\/pages\/21","targetHints":{"allow":["GET"]}}],"collection":[{"href":"https:\/\/mariepierre-terrien.com\/index.php\/wp-json\/wp\/v2\/pages"}],"about":[{"href":"https:\/\/mariepierre-terrien.com\/index.php\/wp-json\/wp\/v2\/types\/page"}],"author":[{"embeddable":true,"href":"https:\/\/mariepierre-terrien.com\/index.php\/wp-json\/wp\/v2\/users\/1"}],"replies":[{"embeddable":true,"href":"https:\/\/mariepierre-terrien.com\/index.php\/wp-json\/wp\/v2\/comments?post=21"}],"version-history":[{"count":17,"href":"https:\/\/mariepierre-terrien.com\/index.php\/wp-json\/wp\/v2\/pages\/21\/revisions"}],"predecessor-version":[{"id":8940,"href":"https:\/\/mariepierre-terrien.com\/index.php\/wp-json\/wp\/v2\/pages\/21\/revisions\/8940"}],"wp:attachment":[{"href":"https:\/\/mariepierre-terrien.com\/index.php\/wp-json\/wp\/v2\/media?parent=21"}],"curies":[{"name":"wp","href":"https:\/\/api.w.org\/{rel}","templated":true}]}}