{"id":2,"date":"2017-09-22T19:14:17","date_gmt":"2017-09-22T17:14:17","guid":{"rendered":"http:\/\/mariepierre-terrien.com\/?page_id=2"},"modified":"2026-02-08T11:10:55","modified_gmt":"2026-02-08T10:10:55","slug":"page-d-exemple","status":"publish","type":"page","link":"https:\/\/mariepierre-terrien.com\/index.php\/page-d-exemple\/","title":{"rendered":"Soci\u00e9t\u00e9 Historique Connaissance du Pays de Richelieu"},"content":{"rendered":"<h2 style=\"text-align: center\"><strong>Soci\u00e9t\u00e9 Historique Connaissance du Pays de Richelieu<\/strong><\/h2>\n<p style=\"text-align: center\"><em>(association fond\u00e9e en 2000 &#8211; N\u00b0 Siret 491 074 019 00028<\/em><em>)<\/em><\/p>\n<p><img loading=\"lazy\" decoding=\"async\" class=\"size-medium wp-image-210 aligncenter\" src=\"http:\/\/mariepierre-terrien.com\/wp-content\/uploads\/2017\/09\/Logo-SHCPR-300x300.jpg\" alt=\"\" width=\"300\" height=\"300\" srcset=\"https:\/\/mariepierre-terrien.com\/wp-content\/uploads\/2017\/09\/Logo-SHCPR-300x300.jpg 300w, https:\/\/mariepierre-terrien.com\/wp-content\/uploads\/2017\/09\/Logo-SHCPR-250x250.jpg 250w, https:\/\/mariepierre-terrien.com\/wp-content\/uploads\/2017\/09\/Logo-SHCPR-100x100.jpg 100w, https:\/\/mariepierre-terrien.com\/wp-content\/uploads\/2017\/09\/Logo-SHCPR-350x350.jpg 350w, https:\/\/mariepierre-terrien.com\/wp-content\/uploads\/2017\/09\/Logo-SHCPR-150x150.jpg 150w, https:\/\/mariepierre-terrien.com\/wp-content\/uploads\/2017\/09\/Logo-SHCPR.jpg 579w\" sizes=\"auto, (max-width: 300px) 100vw, 300px\" \/><\/p>\n<p>Pr\u00e9sidente : Marie-Pierre Terrien<br \/>Vice-pr\u00e9sidente : Catherine Puglia<br \/>Secr\u00e9taire : Maryse Durand<br \/>Tr\u00e9sori\u00e8re : Marie-Lise Bourguignon<\/p>\n<p>Autres membres du CA :\u00a0 Ghislaine Boisgard &#8211; Claudine Bouloizeau &#8211; Pierre-Yves Kervran &#8211; Louis Torchet<\/p>\n<p>L\u2019association a pour buts de promouvoir le patrimoine du Pays de Richelieu : <span style=\"text-align: justify;font-size: 1rem\">inciter \u00e0 la protection et \u00e0 la mise en valeur de ce patrimoine, <\/span><span style=\"text-align: justify;font-size: 1rem\">prendre part \u00e0 la publication de documents en rapport avec l\u2019histoire de Richelieu et de sa r\u00e9gion, <\/span><span style=\"text-align: justify;font-size: 1rem\">organiser des actions (expositions, conf\u00e9rences, sorties) pour une meilleure connaissance du Pays de Richelieu et au-del\u00e0, <\/span><span style=\"font-size: 1rem\">proposer des visites guid\u00e9es des sites charg\u00e9s d\u2019histoire du Pays de Richelieu\u00a0<\/span><\/p>\n<p><strong>contact et renseignements : societehistorique.cpr@gmail.com<\/strong><\/p>\n<hr \/>\n<h2 style=\"text-align: center\"><strong><em>Programme de l\u2019ann\u00e9e 2026<\/em><\/strong><\/h2>\n<p><strong>* Vendredi 5 f\u00e9vrier\u00a0 : <\/strong><\/p>\n<p>Assembl\u00e9e g\u00e9n\u00e9rale et visite du ch\u00e2teau de l&rsquo;Islette<\/p>\n<p><strong>* Jeudi 12 mars<\/strong> :\u00a0<\/p>\n<p>la ville de Mirebeau<\/p>\n<p><strong>*Samedi 30 mai<\/strong><\/p>\n<p>journ\u00e9e inter-associative \u00e0 Loudun sur le th\u00e8me \u00ab\u00a0Arch\u00e9ologies\u00a0\u00bb<\/p>\n<p><strong>* Jeudi 2\u00a0 avril : <\/strong><\/p>\n<p>Paris : l&rsquo;\u00eele Saint-Louis et le quartier du Sentier<\/p>\n<p><strong>* Jeudi 18\u00a0 juin<\/strong> :<\/p>\n<p>Les ch\u00e2teaux de Blois et de Beauregard<\/p>\n<p><strong>* Mercredi 29\u00a0 juillet : <\/strong><\/p>\n<p>le vitrail et la peinture au 19e si\u00e8cle : les \u00e9glises de Ch\u00e2teau-Renault et de Villaines-les-Rochers<\/p>\n<p><strong>* Jeudi 24 septembre :<\/strong><\/p>\n<p>la ville du Mans et l&rsquo;abbaye de l&rsquo;Epau<\/p>\n<p><strong>* jeudi 15 octobre :<\/strong><\/p>\n<p lang=\"fr-FR\" style=\"text-align: left\" align=\"CENTER\">les villes de Niort et de Parthenay<\/p>\n<p lang=\"fr-FR\" style=\"text-align: justify\" align=\"JUSTIFY\">Les visites propos\u00e9es ont pour finalit\u00e9 de mieux faire comprendre le patrimoine et l<span style=\"font-size: medium\">\u2019<\/span>histoire du Pays de Richelieu, par comparaison avec d<span style=\"font-size: medium\">\u2019<\/span>autres sites semblables.<\/p>\n<p lang=\"fr-FR\" style=\"text-align: center\" align=\"JUSTIFY\">*************<\/p>\n<p><strong>2011\u00a0: <\/strong>Beauvais \u2013 Visite des \u00e9glises de Richelieu et de Faye-la-Vineuse \u2013 Le ch\u00e2teau de Fontainebleau et le Mus\u00e9e des Beaux-Arts d\u2019Orl\u00e9ans \u2013 Visite de Ch\u00e2tellerault avec la Soci\u00e9t\u00e9 des Sciences<\/p>\n<p><strong>\u00a0<\/strong><strong>2012\u00a0: <\/strong>Les jardins de Valmer et de la Ch\u00e2tonni\u00e8re \u2013 Le ch\u00e2teau de Vaux-le-Vicomte &#8211; Les Saintes-Chapelles de Paris et de Vincennes \u2013 La ville du Mans et le ch\u00e2teau de Vir\u00e9<\/p>\n<p lang=\"fr-FR\" style=\"text-align: justify\" align=\"JUSTIFY\"><b>2013\u00a0<\/b>: Les ch\u00e2teaux de Beauregard et de Blois \u2013 La Sorbonne et Le Marais \u2013 Les ch\u00e2teaux d\u2019Ecouen et de Chantilly \u2013 La ville de Bourges et le ch\u00e2teau de Meillant<\/p>\n<p lang=\"fr-FR\" style=\"text-align: justify\" align=\"JUSTIFY\"><span style=\"font-size: small\"><span style=\"font-size: medium\"><b>2014\u00a0<\/b><\/span><span style=\"font-size: medium\">:<\/span> <span style=\"font-size: medium\">La route de Saint-Jacques de Compostelle (Aulnay et Saintes) \u2013 Le ch\u00e2teau et les jardins de Versailles \u2013 Chartres et Ch\u00e2teaudun \u2013 Rochefort-sur-Mer et le ch\u00e2teau de Dampierre-sur-Boutonne<\/span><\/span><\/p>\n<p lang=\"fr-FR\" style=\"text-align: justify\" align=\"JUSTIFY\"><span style=\"font-size: medium\"><b>2015\u00a0<\/b>:<b> <\/b>Ch\u00e2teau d\u2019Angers : la tapisserie de l\u2019Apocalypse \u2013 Le ch\u00e2teau de Montgeoffroy \u2013 Versailles\u00a0: ch\u00e2teaux de Trianon et domaine de Marly-le-Roi \u2013 La Rochelle : la ville, ses monuments et ses mus\u00e9es \u2013 Le ch\u00e2teau de Br\u00e9z\u00e9 \u2013 Saumur : Notre-Dame des Ardilliers.<\/span><\/p>\n<p lang=\"fr-FR\" style=\"text-align: justify\" align=\"JUSTIFY\"><span style=\"font-size: medium\"><b>2016\u00a0<\/b>: abbaye de Noyers et Sainte-Maure de Touraine \u2013 Le ch\u00e2teau de Fontainebleau \u2013 Le ch\u00e2teau des Ormes \u2013 La Vall\u00e9e du Loir \u2013 Le ch\u00e2teau de Chedigny et l\u2019abbaye de Fontevraud<\/span><\/p>\n<p lang=\"fr-FR\" align=\"JUSTIFY\"><strong>2017<\/strong> : les ch\u00e2teaux de Thouars et de Saint-Loup Lamair\u00e9 \u2013 Le ch\u00e2teau de Vaux-le-Vicomte\u00a0 \u2013 La sainte Chapelle et l\u2019h\u00f4tel Tyndo de Thouars Montsoreau, Candes-Saint-Martin et habitat troglodytique d&rsquo;Anjou\u00a0 \u2013\u00a0 Poitiers, son patrimoine civil et religieux \u2013\u00a0Le ch\u00e2teau de Coussay\u00a0 \u2013 Tours, le Mus\u00e9e des Beaux Arts et la cath\u00e9drale Saint-Gatien<\/p>\n<p align=\"JUSTIFY\"><span style=\"font-size: medium\"><b>\u00a02018 :\u00a0<\/b><\/span><span style=\"font-size: medium\"><b> <\/b> <span lang=\"zxx\">La cit\u00e9 m\u00e9di\u00e9vale de Chauvigny, l\u2019abbaye de Saint-Savin et la crypte de l\u2019\u00e9glise Sainte-Catherine \u00e0 Montmorillon &#8211;\u00a0<\/span><\/span><span style=\"font-size: medium\"><span lang=\"zxx\"> journ\u00e9e inter-associative \u00e0 Loches &#8211;<\/span><\/span><span style=\"font-size: medium\"><span lang=\"zxx\"> les ch\u00e2teaux de Valen\u00e7ay et de Cheverny &#8211;<\/span><\/span><span style=\"font-size: medium\"> les ch\u00e2teaux de Marcilly et du Lude &#8211; <\/span><span style=\"font-size: medium\"><span lang=\"zxx\"> le bastion de Brouage &#8211; Les forts Lupin et Vauban &#8211;\u00a0<\/span><\/span><span style=\"font-size: medium\"><span lang=\"zxx\"> les ch\u00e2teaux de Brissac et de Serrant<\/span><\/span><\/p>\n<p><strong>2019\u00a0: <\/strong>le ch\u00e2teau de La Rochefoucauld et la ville d\u2019Angoul\u00eame \u2013 Angles-sur-l\u2019Anglin : le village, la forteresse et la frise du Roc-aux-Sorciers \u2013 les ch\u00e2teaux de Ternay et de la Chapelle Bellouin \u2013 l\u2019Ile d\u2019Ol\u00e9ron et le Fort Louvois \u2013 la ville de Ch\u00e2tellerault, ses h\u00f4tels particuliers et son th\u00e9\u00e2tre \u00e0 l\u2019italienne \u2013 Angers : la tenture de l\u2019Apocalypse et la galerie David d\u2019Angers<\/p>\n<p><strong>2021<\/strong> : l&rsquo;abbaye de Bois-Aubry &#8211; Tours et le ch\u00e2teau de Chenonceau &#8211; Cognac et Bassac &#8211; Angers : mus\u00e9e Jean Lur\u00e7at et coll\u00e9giale Saint-Martin<\/p>\n<p><strong>2022<\/strong> : ch\u00e2teau de Marmande &#8211; Saumur, Notre-Dame des Ardilliers et la chapelle de Chavigny &#8211; Paris : h\u00f4tel de Soubise et Marais &#8211; Tours : circuit Renaissance &#8211; La Rochelle, circuit sur le protestantisme &#8211; Le ch\u00e2teau des Ormes<\/p>\n\n\n<p><strong>2023 <\/strong>:  le ch\u00e2teau de Bouges et Saint-Aignan-sur-Cher &#8211; Bordeaux du temps du mar\u00e9chal de Richelieu &#8211; Chinon et son patrimoine religieux &#8211; Laval &#8211; Montr\u00e9sor et Beaulieu-l\u00e8s-Loches<\/p>\n\n\n\n<p><strong>2024 <\/strong>: le ch\u00e2teau de Fontainebleau &#8211; Lu\u00e7on &#8211; le ch\u00e2teau d&rsquo;Oiron et l&rsquo;ancienne \u00e9glise abbatiale de Saint-Jouin-de-Marnes &#8211; les ch\u00e2teaux d&rsquo;Ainay-le-Vieil et de Meillant &#8211; le ch\u00e2teau du Bouchet et la ville du Blanc<\/p>\n\n\n\n<p><strong>2025<\/strong> : le ch\u00e2teau d&rsquo;Oiron : la grande galerie de peintures \u2013 Saintes \u2013 Bourges et Henrichemont \u2013 Montreuil-Bellay et le manoir de Chandoiseau \u2013 La ville d\u2019Amboise et Poc\u00e9-sur-Cisse\u2013 Les ch\u00e2teaux de Brissac et de Serrant<\/p>\n","protected":false},"excerpt":{"rendered":"<p>Soci\u00e9t\u00e9 Historique Connaissance du Pays de Richelieu (association fond\u00e9e en 2000 &#8211; N\u00b0 Siret 491 074 019 00028) Pr\u00e9sidente : Marie-Pierre TerrienVice-pr\u00e9sidente : Catherine PugliaSecr\u00e9taire : Maryse DurandTr\u00e9sori\u00e8re : Marie-Lise Bourguignon Autres membres du CA :\u00a0 Ghislaine Boisgard &#8211; Claudine Bouloizeau &#8211; Pierre-Yves Kervran &#8211; Louis Torchet L\u2019association a pour buts de promouvoir le patrimoine &hellip; <\/p>\n<p class=\"link-more\"><a href=\"https:\/\/mariepierre-terrien.com\/index.php\/page-d-exemple\/\" class=\"more-link\">Continuer la lecture<span class=\"screen-reader-text\"> de &laquo;&nbsp;Soci\u00e9t\u00e9 Historique Connaissance du Pays de Richelieu&nbsp;&raquo;<\/span><\/a><\/p>\n","protected":false},"author":2,"featured_media":0,"parent":0,"menu_order":0,"comment_status":"closed","ping_status":"open","template":"","meta":{"footnotes":""},"class_list":["post-2","page","type-page","status-publish","hentry"],"_links":{"self":[{"href":"https:\/\/mariepierre-terrien.com\/index.php\/wp-json\/wp\/v2\/pages\/2","targetHints":{"allow":["GET"]}}],"collection":[{"href":"https:\/\/mariepierre-terrien.com\/index.php\/wp-json\/wp\/v2\/pages"}],"about":[{"href":"https:\/\/mariepierre-terrien.com\/index.php\/wp-json\/wp\/v2\/types\/page"}],"author":[{"embeddable":true,"href":"https:\/\/mariepierre-terrien.com\/index.php\/wp-json\/wp\/v2\/users\/2"}],"replies":[{"embeddable":true,"href":"https:\/\/mariepierre-terrien.com\/index.php\/wp-json\/wp\/v2\/comments?post=2"}],"version-history":[{"count":59,"href":"https:\/\/mariepierre-terrien.com\/index.php\/wp-json\/wp\/v2\/pages\/2\/revisions"}],"predecessor-version":[{"id":9034,"href":"https:\/\/mariepierre-terrien.com\/index.php\/wp-json\/wp\/v2\/pages\/2\/revisions\/9034"}],"wp:attachment":[{"href":"https:\/\/mariepierre-terrien.com\/index.php\/wp-json\/wp\/v2\/media?parent=2"}],"curies":[{"name":"wp","href":"https:\/\/api.w.org\/{rel}","templated":true}]}}